{"id":407,"date":"2023-10-05T08:29:51","date_gmt":"2023-10-05T06:29:51","guid":{"rendered":"https:\/\/test.aci-laser.com\/?page_id=407"},"modified":"2025-07-25T13:35:03","modified_gmt":"2025-07-25T11:35:03","slug":"foerderungen","status":"publish","type":"page","link":"https:\/\/aci-laser.com\/de\/foerderungen\/","title":{"rendered":"F\u00f6rderungen"},"content":{"rendered":"\n<div style=\"height:80px\" aria-hidden=\"true\" class=\"wp-block-spacer\"><\/div>\n\n\n<section id=\"default-aci\" class=\"text-bild-block default-aci\">                \r\n                    <div class=\"container\">                        \r\n                        <div class=\"row\">                                        \r\n                            <div class=\"col\">\r\n                                <p class=\"wt-subheadline   default-aci\">ACI Laser<\/p>\r\n                            <\/div>                                        \r\n                        <\/div>                        \r\n                        <div class=\"row\">                                        \r\n                        <div class=\"col\">\r\n                                <h1 class=\"textBlock-headline  default-aci\">F\u00f6rderungen<\/h1>\r\n                        <\/div>                                        \r\n                    <\/div>                        \r\n                        <div class=\"row text\">\r\n                        <div class=\"col\">\r\n                            <div class=\"textBlock-text\">\r\n                                \n<p class=\"wp-block-wt-text-bild-block\">Projekttitel: Intensivberatung und Prozessbegleitung durch Unternehmensberater\/in<br><br>Beg\u00fcnstigter: ACI Laser GmbH<br><br>Projektbeschreibung:<br>Gem\u00e4\u00df der Beratungsrichtlinie des Freistaates Th\u00fcringen erh\u00e4lt das Unternehmen eine F\u00f6rderung zur Steigerung der Leistungs- und Wettbewerbsf\u00e4higkeit durch Beratung von selbst\u00e4ndigen Unternehmensberatern \u2013 Intensivberatung und Prozessbegleitung. Die Ergebnisse und Handlungsempfehlungen werden in einem Beraterbericht festgehalten. Die F\u00f6rderung erfolgt aus Mitteln des Europ\u00e4ischen Sozialfonds und aus Landesmitteln des Freistaats Th\u00fcringen.<\/p>\n\r\n                            <\/div>\r\n                        <\/div>                                        \r\n                    <\/div>                        \r\n                    <\/div>                                \r\n            <\/section>\n\n\n<div style=\"height:80px\" aria-hidden=\"true\" class=\"wp-block-spacer\"><\/div>\n\n\n\n<div class=\"wp-block-group container\"><div class=\"wp-block-group__inner-container is-layout-constrained wp-block-group-is-layout-constrained\">\n<figure class=\"wp-block-image size-full\"><img loading=\"lazy\" decoding=\"async\" width=\"703\" height=\"68\" src=\"https:\/\/test.aci-laser.com\/wp-content\/uploads\/2023\/11\/Foerderhinweis.jpg\" alt=\"Foerderhinweis\" class=\"wp-image-6124\" srcset=\"https:\/\/aci-laser.com\/wp-content\/uploads\/2023\/11\/Foerderhinweis.jpg 703w, https:\/\/aci-laser.com\/wp-content\/uploads\/2023\/11\/Foerderhinweis-300x29.jpg 300w\" sizes=\"auto, (max-width: 703px) 100vw, 703px\" \/><\/figure>\n<\/div><\/div>\n\n\n\n<div style=\"height:80px\" aria-hidden=\"true\" class=\"wp-block-spacer\"><\/div>\n","protected":false},"excerpt":{"rendered":"","protected":false},"author":2,"featured_media":0,"parent":0,"menu_order":0,"comment_status":"closed","ping_status":"closed","template":"","meta":{"footnotes":""},"class_list":["post-407","page","type-page","status-publish","hentry"],"yoast_head":"<!-- This site is optimized with the Yoast SEO plugin v27.1.1 - https:\/\/yoast.com\/product\/yoast-seo-wordpress\/ -->\n<title>Unsere F\u00f6rderungen - ACI Laser<\/title>\n<meta name=\"description\" content=\"Erfahren Sie hier alles Rund um unsere F\u00f6rderungen im Bereich Laseranwendungen. Jetzt informieren!\" \/>\n<meta name=\"robots\" content=\"index, follow, max-snippet:-1, max-image-preview:large, max-video-preview:-1\" \/>\n<link rel=\"canonical\" href=\"https:\/\/aci-laser.com\/de\/foerderungen\/\" \/>\n<meta property=\"og:locale\" content=\"de_DE\" \/>\n<meta property=\"og:type\" content=\"article\" \/>\n<meta property=\"og:title\" content=\"Unsere F\u00f6rderungen - ACI Laser\" \/>\n<meta property=\"og:description\" content=\"Erfahren Sie hier alles Rund um unsere F\u00f6rderungen im Bereich Laseranwendungen. Jetzt informieren!\" \/>\n<meta property=\"og:url\" content=\"https:\/\/aci-laser.com\/de\/foerderungen\/\" \/>\n<meta property=\"og:site_name\" content=\"ACI Laser GmbH\" \/>\n<meta property=\"article:modified_time\" content=\"2025-07-25T11:35:03+00:00\" \/>\n<meta property=\"og:image\" content=\"https:\/\/test.aci-laser.com\/wp-content\/uploads\/2023\/11\/Foerderhinweis.jpg\" \/>\n<meta name=\"twitter:card\" content=\"summary_large_image\" \/>\n<meta name=\"twitter:label1\" content=\"Gesch\u00e4tzte Lesezeit\" \/>\n\t<meta name=\"twitter:data1\" content=\"1\u00a0Minute\" \/>\n<script type=\"application\/ld+json\" class=\"yoast-schema-graph\">{\"@context\":\"https:\/\/schema.org\",\"@graph\":[{\"@type\":\"WebPage\",\"@id\":\"https:\/\/aci-laser.com\/de\/foerderungen\/\",\"url\":\"https:\/\/aci-laser.com\/de\/foerderungen\/\",\"name\":\"Unsere F\u00f6rderungen - ACI Laser\",\"isPartOf\":{\"@id\":\"https:\/\/aci-laser.com\/de\/#website\"},\"primaryImageOfPage\":{\"@id\":\"https:\/\/aci-laser.com\/de\/foerderungen\/#primaryimage\"},\"image\":{\"@id\":\"https:\/\/aci-laser.com\/de\/foerderungen\/#primaryimage\"},\"thumbnailUrl\":\"https:\/\/test.aci-laser.com\/wp-content\/uploads\/2023\/11\/Foerderhinweis.jpg\",\"datePublished\":\"2023-10-05T06:29:51+00:00\",\"dateModified\":\"2025-07-25T11:35:03+00:00\",\"description\":\"Erfahren Sie hier alles Rund um unsere F\u00f6rderungen im Bereich Laseranwendungen. Jetzt informieren!\",\"breadcrumb\":{\"@id\":\"https:\/\/aci-laser.com\/de\/foerderungen\/#breadcrumb\"},\"inLanguage\":\"de\",\"potentialAction\":[{\"@type\":\"ReadAction\",\"target\":[\"https:\/\/aci-laser.com\/de\/foerderungen\/\"]}]},{\"@type\":\"ImageObject\",\"inLanguage\":\"de\",\"@id\":\"https:\/\/aci-laser.com\/de\/foerderungen\/#primaryimage\",\"url\":\"https:\/\/test.aci-laser.com\/wp-content\/uploads\/2023\/11\/Foerderhinweis.jpg\",\"contentUrl\":\"https:\/\/test.aci-laser.com\/wp-content\/uploads\/2023\/11\/Foerderhinweis.jpg\"},{\"@type\":\"BreadcrumbList\",\"@id\":\"https:\/\/aci-laser.com\/de\/foerderungen\/#breadcrumb\",\"itemListElement\":[{\"@type\":\"ListItem\",\"position\":1,\"name\":\"Startseite\",\"item\":\"https:\/\/aci-laser.com\/de\/\"},{\"@type\":\"ListItem\",\"position\":2,\"name\":\"F\u00f6rderungen\"}]},{\"@type\":\"WebSite\",\"@id\":\"https:\/\/aci-laser.com\/de\/#website\",\"url\":\"https:\/\/aci-laser.com\/de\/\",\"name\":\"ACI Laser GmbH\",\"description\":\"\",\"potentialAction\":[{\"@type\":\"SearchAction\",\"target\":{\"@type\":\"EntryPoint\",\"urlTemplate\":\"https:\/\/aci-laser.com\/de\/?s={search_term_string}\"},\"query-input\":{\"@type\":\"PropertyValueSpecification\",\"valueRequired\":true,\"valueName\":\"search_term_string\"}}],\"inLanguage\":\"de\"}]}<\/script>\n<!-- \/ Yoast SEO plugin. -->","yoast_head_json":{"title":"Unsere F\u00f6rderungen - ACI Laser","description":"Erfahren Sie hier alles Rund um unsere F\u00f6rderungen im Bereich Laseranwendungen. Jetzt informieren!","robots":{"index":"index","follow":"follow","max-snippet":"max-snippet:-1","max-image-preview":"max-image-preview:large","max-video-preview":"max-video-preview:-1"},"canonical":"https:\/\/aci-laser.com\/de\/foerderungen\/","og_locale":"de_DE","og_type":"article","og_title":"Unsere F\u00f6rderungen - ACI Laser","og_description":"Erfahren Sie hier alles Rund um unsere F\u00f6rderungen im Bereich Laseranwendungen. Jetzt informieren!","og_url":"https:\/\/aci-laser.com\/de\/foerderungen\/","og_site_name":"ACI Laser GmbH","article_modified_time":"2025-07-25T11:35:03+00:00","og_image":[{"url":"https:\/\/test.aci-laser.com\/wp-content\/uploads\/2023\/11\/Foerderhinweis.jpg","type":"","width":"","height":""}],"twitter_card":"summary_large_image","twitter_misc":{"Gesch\u00e4tzte Lesezeit":"1\u00a0Minute"},"schema":{"@context":"https:\/\/schema.org","@graph":[{"@type":"WebPage","@id":"https:\/\/aci-laser.com\/de\/foerderungen\/","url":"https:\/\/aci-laser.com\/de\/foerderungen\/","name":"Unsere F\u00f6rderungen - ACI Laser","isPartOf":{"@id":"https:\/\/aci-laser.com\/de\/#website"},"primaryImageOfPage":{"@id":"https:\/\/aci-laser.com\/de\/foerderungen\/#primaryimage"},"image":{"@id":"https:\/\/aci-laser.com\/de\/foerderungen\/#primaryimage"},"thumbnailUrl":"https:\/\/test.aci-laser.com\/wp-content\/uploads\/2023\/11\/Foerderhinweis.jpg","datePublished":"2023-10-05T06:29:51+00:00","dateModified":"2025-07-25T11:35:03+00:00","description":"Erfahren Sie hier alles Rund um unsere F\u00f6rderungen im Bereich Laseranwendungen. Jetzt informieren!","breadcrumb":{"@id":"https:\/\/aci-laser.com\/de\/foerderungen\/#breadcrumb"},"inLanguage":"de","potentialAction":[{"@type":"ReadAction","target":["https:\/\/aci-laser.com\/de\/foerderungen\/"]}]},{"@type":"ImageObject","inLanguage":"de","@id":"https:\/\/aci-laser.com\/de\/foerderungen\/#primaryimage","url":"https:\/\/test.aci-laser.com\/wp-content\/uploads\/2023\/11\/Foerderhinweis.jpg","contentUrl":"https:\/\/test.aci-laser.com\/wp-content\/uploads\/2023\/11\/Foerderhinweis.jpg"},{"@type":"BreadcrumbList","@id":"https:\/\/aci-laser.com\/de\/foerderungen\/#breadcrumb","itemListElement":[{"@type":"ListItem","position":1,"name":"Startseite","item":"https:\/\/aci-laser.com\/de\/"},{"@type":"ListItem","position":2,"name":"F\u00f6rderungen"}]},{"@type":"WebSite","@id":"https:\/\/aci-laser.com\/de\/#website","url":"https:\/\/aci-laser.com\/de\/","name":"ACI Laser GmbH","description":"","potentialAction":[{"@type":"SearchAction","target":{"@type":"EntryPoint","urlTemplate":"https:\/\/aci-laser.com\/de\/?s={search_term_string}"},"query-input":{"@type":"PropertyValueSpecification","valueRequired":true,"valueName":"search_term_string"}}],"inLanguage":"de"}]}},"_links":{"self":[{"href":"https:\/\/aci-laser.com\/de\/wp-json\/wp\/v2\/pages\/407","targetHints":{"allow":["GET"]}}],"collection":[{"href":"https:\/\/aci-laser.com\/de\/wp-json\/wp\/v2\/pages"}],"about":[{"href":"https:\/\/aci-laser.com\/de\/wp-json\/wp\/v2\/types\/page"}],"author":[{"embeddable":true,"href":"https:\/\/aci-laser.com\/de\/wp-json\/wp\/v2\/users\/2"}],"replies":[{"embeddable":true,"href":"https:\/\/aci-laser.com\/de\/wp-json\/wp\/v2\/comments?post=407"}],"version-history":[{"count":13,"href":"https:\/\/aci-laser.com\/de\/wp-json\/wp\/v2\/pages\/407\/revisions"}],"predecessor-version":[{"id":17995,"href":"https:\/\/aci-laser.com\/de\/wp-json\/wp\/v2\/pages\/407\/revisions\/17995"}],"wp:attachment":[{"href":"https:\/\/aci-laser.com\/de\/wp-json\/wp\/v2\/media?parent=407"}],"curies":[{"name":"wp","href":"https:\/\/api.w.org\/{rel}","templated":true}]}}