{"id":475,"date":"2023-10-05T10:05:08","date_gmt":"2023-10-05T08:05:08","guid":{"rendered":"https:\/\/test.aci-laser.com\/?page_id=475"},"modified":"2025-08-12T19:49:09","modified_gmt":"2025-08-12T17:49:09","slug":"kundendienst","status":"publish","type":"page","link":"https:\/\/aci-laser.com\/de\/kontakt\/kundendienst\/","title":{"rendered":"Kundendienst"},"content":{"rendered":"<section id=\"\" class=\"titelbild-section titelbild-block-id-69df0ac82103a \">\r\n                <div class=\"col-12 col-lg-12\">\r\n                    <div class=\"full-bild\"><img loading=\"lazy\" decoding=\"async\" width=\"1917\" height=\"780\" src=\"\/wp-content\/uploads\/2025\/08\/Titelslider_ACI_Kundendienst.webp\" class=\"img-fluid\" alt=\"ACI Laser Kundendienstteam unterst\u00fctzt Kunden telefonisch und online\" srcset=\"\/wp-content\/uploads\/2025\/08\/Titelslider_ACI_Kundendienst.webp 1917w, \/wp-content\/uploads\/2025\/08\/Titelslider_ACI_Kundendienst-300x122.webp 300w, \/wp-content\/uploads\/2025\/08\/Titelslider_ACI_Kundendienst-1024x417.webp 1024w, \/wp-content\/uploads\/2025\/08\/Titelslider_ACI_Kundendienst-768x312.webp 768w, \/wp-content\/uploads\/2025\/08\/Titelslider_ACI_Kundendienst-1536x625.webp 1536w\" sizes=\"auto, (max-width: 1917px) 100vw, 1917px\" \/><\/div>\r\n                    <div class=\"bild-title container\">\r\n                        <p class=\"sub-headline mb-0\">ACI Kundendienst<\/p>\r\n                        <h1 class=\"headline m-0\">Technischer Support<\/h1>\r\n                    <\/div>\r\n                <\/div>\r\n            <\/section>\n\n\n<div style=\"height:50px\" aria-hidden=\"true\" class=\"wp-block-spacer\"><\/div>\n\n\n\n<div class=\"wp-block-group container\"><div class=\"wp-block-group__inner-container is-layout-constrained wp-block-group-is-layout-constrained\">\n<div class=\"wp-block-columns is-layout-flex wp-container-core-columns-is-layout-9d6595d7 wp-block-columns-is-layout-flex\">\n<div class=\"wp-block-column is-layout-flow wp-block-column-is-layout-flow\" style=\"flex-basis:66.66%\"><section id=\"default-aci\" class=\"text-bild-block default-aci\">                \r\n                    <div class=\"container\">                        \r\n                        <div class=\"row\">                                        \r\n                            <div class=\"col\">\r\n                                <p class=\"wt-subheadline   default-aci\">Wir sind f\u00fcr Sie da<\/p>\r\n                            <\/div>                                        \r\n                        <\/div>                        \r\n                        <div class=\"row\">                                        \r\n                        <div class=\"col\">\r\n                                <h2 class=\"textBlock-headline  default-aci\">Support f\u00fcr Ihre ACI Systeme<\/h2>\r\n                        <\/div>                                        \r\n                    <\/div>                        \r\n                        <div class=\"row text\">\r\n                        <div class=\"col\">\r\n                            <div class=\"textBlock-text\">\r\n                                \n<p class=\"wp-block-wt-text-bild-block\">Sie ben\u00f6tigen Unterst\u00fctzung bei Ihrem Lasersystem oder der Beschriftungssoftware Magic Mark? Wir sind f\u00fcr Sie da. Damit wir Ihnen schnell und effizient helfen k\u00f6nnen, f\u00fcllen Sie bitte das Kontaktformular unten aus. Sie k\u00f6nnen uns auch telefonisch Montag bis Donnerstag von 8 bis 17 Uhr und Freitag von 8 bis 14 Uhr oder per E-Mail kontaktieren.<br><br>Bitte geben Sie in jedem Fall die Seriennummer Ihres Lasers bzw. Ihrer Schutzumhausung sowie die Versionsnummer Ihrer installierten Software-Version von Magic Mark an. Die jeweilige Seriennummer finden Sie auf dem Typenschild, welches auf der R\u00fcckseite des Ger\u00e4ts befestigt ist. Die Versionsnummer Ihrer Software finden Sie in der Beschriftungssoftware Magic Mark. Klicken Sie unter der Kategorie &#8222;Hilfe&#8220; auf den Punkt &#8222;\u00dcber&#8220; und lesen Sie die Versionsnummer ab. <br><br><strong>Wir werden Ihr Anliegen schnellstm\u00f6glich bearbeiten und uns bei Ihnen melden.<\/strong><\/p>\n\r\n                            <\/div>\r\n                        <\/div>                                        \r\n                    <\/div>                        \r\n                    <\/div>                                \r\n            <\/section><\/div>\n\n\n\n<div class=\"wp-block-column is-layout-flow wp-block-column-is-layout-flow\" style=\"flex-basis:33.33%\"><section id=\"default-aci\" class=\"text-bild-block default-aci\">                \r\n                    <div class=\"container\">                        \r\n                        <div class=\"row\">                                        \r\n                            <div class=\"col\">\r\n                                <h2 class=\"wt-subheadline   default-aci\">Kontakt<\/h2>\r\n                            <\/div>                                        \r\n                        <\/div>                        \r\n                        <div class=\"row\">                                        \r\n                        <div class=\"col\">\r\n                                <p class=\"textBlock-headline  default-aci\">Support &#038; Service<\/p>\r\n                        <\/div>                                        \r\n                    <\/div>                        \r\n                        <div class=\"row text\">\r\n                        <div class=\"col\">\r\n                            <div class=\"textBlock-text\">\r\n                                T +49 (0) 3643 4152-0<br\/>\n<a class=\"wt-k-click-mail\" href=\"mailto:%73%65%72%76%69%63%65@%61%63%69-%6c%61%73%65%72.%64%65\">&#x73;&#x65;&#x72;&#x76;&#x69;&#x63;&#x65;&#x40;&#x61;&#x63;&#x69;&#x2d;&#x6c;&#x61;&#x73;&#x65;&#x72;&#x2e;&#x64;&#x65;<\/a>\n<br\/>\n<br\/>\n<b>Hotline<\/b><br\/>\nMo &#8211; Do:  8-17 Uhr<br\/>\nFr:  8-14 Uhr\r\n                            <\/div>\r\n                        <\/div>                                        \r\n                    <\/div>                        \r\n                    <\/div>                                \r\n            <\/section><\/div>\n<\/div>\n<\/div><\/div>\n\n\n\n<div class=\"wp-block-group container\"><div class=\"wp-block-group__inner-container is-layout-constrained wp-block-group-is-layout-constrained\"><section id=\"default-aci\" class=\"text-bild-block default-aci\">                \r\n                    <div class=\"container\">                        \r\n                        <div class=\"row\">                                        \r\n                            <div class=\"col\">\r\n                                <h2 class=\"wt-subheadline   default-aci\">Magic Mark<\/h2>\r\n                            <\/div>                                        \r\n                        <\/div>                        \r\n                        <div class=\"row\">                                        \r\n                        <div class=\"col\">\r\n                                <p class=\"textBlock-headline  default-aci\">Sie ben\u00f6tigen einen Software-Download?<\/p>\r\n                        <\/div>                                        \r\n                    <\/div>                        \r\n                        <div class=\"row text\">\r\n                        <div class=\"col\">\r\n                            <div class=\"textBlock-text\">\r\n                                \n<p class=\"wp-block-wt-text-bild-block\">Bitte nutzen Sie hierf\u00fcr ebenfalls das nachstehende Kontaktformular.<\/p>\n\r\n                            <\/div>\r\n                        <\/div>                                        \r\n                    <\/div>                        \r\n                    <\/div>                                \r\n            <\/section><\/div><\/div>\n\n\n\n<div style=\"height:40px\" aria-hidden=\"true\" class=\"wp-block-spacer\"><\/div>\n\n\n\n<div class=\"wp-block-group has-background\" style=\"background-color:#f7f6f6\"><div class=\"wp-block-group__inner-container is-layout-constrained wp-block-group-is-layout-constrained\">\n<div style=\"height:40px\" aria-hidden=\"true\" class=\"wp-block-spacer\"><\/div>\n\n\n\n<div class=\"wp-block-contact-form-7-contact-form-selector\">\n<div class=\"wpcf7 no-js\" id=\"wpcf7-f5439-o1\" lang=\"de-DE\" dir=\"ltr\" data-wpcf7-id=\"5439\">\n<div class=\"screen-reader-response\"><p role=\"status\" aria-live=\"polite\" aria-atomic=\"true\"><\/p> <ul><\/ul><\/div>\n<form action=\"\/de\/wp-json\/wp\/v2\/pages\/475#wpcf7-f5439-o1\" method=\"post\" class=\"wpcf7-form init\" aria-label=\"Kontaktformular\" novalidate=\"novalidate\" data-status=\"init\">\n<fieldset class=\"hidden-fields-container\"><input type=\"hidden\" name=\"_wpcf7\" value=\"5439\" \/><input type=\"hidden\" name=\"_wpcf7_version\" value=\"6.1.5\" \/><input type=\"hidden\" name=\"_wpcf7_locale\" value=\"de_DE\" \/><input type=\"hidden\" name=\"_wpcf7_unit_tag\" value=\"wpcf7-f5439-o1\" \/><input type=\"hidden\" name=\"_wpcf7_container_post\" value=\"0\" \/><input type=\"hidden\" name=\"_wpcf7_posted_data_hash\" value=\"\" \/><input type=\"hidden\" name=\"_wpcf7_recaptcha_response\" value=\"\" \/>\n<\/fieldset>\n<div class=\"container section-form hidden-field-quelle\">\n\t<div class=\"row\">\n\t\t<div class=\"col-12 col-lg-6\">\n\t\t\t<p><label> Ihr Anliegen<br \/>\n<span class=\"wpcf7-form-control-wrap\" data-name=\"request\"><select class=\"wpcf7-form-control wpcf7-select\" aria-invalid=\"false\" name=\"request\"><option value=\"- Bitte ausw\u00e4hlen -\">- Bitte ausw\u00e4hlen -<\/option><option value=\"Schulung\">Schulung<\/option><option value=\"Wartung\">Wartung<\/option><option value=\"Reparatur\">Reparatur<\/option><option value=\"Support\">Support<\/option><option value=\"Produktabk\u00fcndigung\">Produktabk\u00fcndigung<\/option><\/select><\/span> <\/label>\n\t\t\t<\/p>\n\t\t\t<p><label> Anrede<br \/>\n<span class=\"wpcf7-form-control-wrap\" data-name=\"salutation\"><select class=\"wpcf7-form-control wpcf7-select\" aria-invalid=\"false\" name=\"salutation\"><option value=\"- Bitte ausw\u00e4hlen -\">- Bitte ausw\u00e4hlen -<\/option><option value=\"Frau\">Frau<\/option><option value=\"Herr\">Herr<\/option><option value=\"Divers\">Divers<\/option><\/select><\/span> <\/label>\n\t\t\t<\/p>\n\t\t\t<p><label> Vorname*<br \/>\n<span class=\"wpcf7-form-control-wrap\" data-name=\"field-firstname\"><input size=\"40\" maxlength=\"400\" class=\"wpcf7-form-control wpcf7-text wpcf7-validates-as-required\" aria-required=\"true\" aria-invalid=\"false\" value=\"\" type=\"text\" name=\"field-firstname\" \/><\/span> <\/label>\n\t\t\t<\/p>\n\t\t\t<p><label> Name*<br \/>\n<span class=\"wpcf7-form-control-wrap\" data-name=\"field-lastname\"><input size=\"40\" maxlength=\"400\" class=\"wpcf7-form-control wpcf7-text wpcf7-validates-as-required\" aria-required=\"true\" aria-invalid=\"false\" value=\"\" type=\"text\" name=\"field-lastname\" \/><\/span> <\/label>\n\t\t\t<\/p>\n\t\t\t<p><label> Firma*<br \/>\n<span class=\"wpcf7-form-control-wrap\" data-name=\"field-company\"><input size=\"40\" maxlength=\"400\" class=\"wpcf7-form-control wpcf7-text wpcf7-validates-as-required\" aria-required=\"true\" aria-invalid=\"false\" value=\"\" type=\"text\" name=\"field-company\" \/><\/span> <\/label>\n\t\t\t<\/p>\n\t\t\t<p><label> Telefon (inkl. Vorwahl)*<br \/>\n<span class=\"wpcf7-form-control-wrap\" data-name=\"field-phone\"><input size=\"40\" maxlength=\"400\" class=\"wpcf7-form-control wpcf7-text wpcf7-validates-as-required\" aria-required=\"true\" aria-invalid=\"false\" value=\"\" type=\"text\" name=\"field-phone\" \/><\/span> <\/label>\n\t\t\t<\/p>\n\t\t\t<p><label> E-Mail-Adresse*<br \/>\n<span class=\"wpcf7-form-control-wrap\" data-name=\"field-email\"><input size=\"40\" maxlength=\"400\" class=\"wpcf7-form-control wpcf7-email wpcf7-validates-as-required wpcf7-text wpcf7-validates-as-email\" aria-required=\"true\" aria-invalid=\"false\" value=\"\" type=\"email\" name=\"field-email\" \/><\/span> <\/label>\n\t\t\t<\/p>\n\t\t<\/div>\n\t\t<div class=\"col-12 col-lg-6\">\n\t\t\t<p><label> Seriennummer Laser* <span class=\"info-icon\"><img alt=\"Info\" loading=\"lazy\" decoding=\"async\" width=\"15px\" height=\"15px\" src=\"\/wp-content\/uploads\/2024\/05\/info-1.svg\" \/><\/span><span class=\"info-img\"><img alt=\"Screenshot\" loading=\"lazy\" decoding=\"async\" src=\"\/wp-content\/uploads\/2024\/05\/Screenshot-2024-05-02-142520.png\" \/><\/span><br \/>\n<span class=\"wpcf7-form-control-wrap\" data-name=\"field-nrlaiser\"><input size=\"40\" maxlength=\"400\" class=\"wpcf7-form-control wpcf7-text wpcf7-validates-as-required\" aria-required=\"true\" aria-invalid=\"false\" value=\"\" type=\"text\" name=\"field-nrlaiser\" \/><\/span><br \/>\n<\/label>\n\t\t\t<\/p>\n\t\t\t<p><label> Seriennummer Schutzumhausung<br \/>\n<span class=\"wpcf7-form-control-wrap\" data-name=\"field-nrprotective\"><input size=\"40\" maxlength=\"400\" class=\"wpcf7-form-control wpcf7-text\" aria-invalid=\"false\" value=\"\" type=\"text\" name=\"field-nrprotective\" \/><\/span> <\/label>\n\t\t\t<\/p>\n\t\t\t<p><label> Software-Build-Nr.*<br \/>\n<span class=\"wpcf7-form-control-wrap\" data-name=\"field-nrbuild\"><input size=\"40\" maxlength=\"400\" class=\"wpcf7-form-control wpcf7-text wpcf7-validates-as-required\" aria-required=\"true\" aria-invalid=\"false\" value=\"\" type=\"text\" name=\"field-nrbuild\" \/><\/span> <\/label>\n\t\t\t<\/p>\n\t\t\t<p><label> Ihre Nachricht \/ Was haben Sie unternommen, um den Fehler zu beheben?*<br \/>\n<span class=\"wpcf7-form-control-wrap\" data-name=\"field-message\"><textarea cols=\"40\" rows=\"8\" maxlength=\"2000\" class=\"wpcf7-form-control wpcf7-textarea wpcf7-validates-as-required\" aria-required=\"true\" aria-invalid=\"false\" name=\"field-message\"><\/textarea><\/span> <\/label>\n\t\t\t<\/p>\n\t\t<\/div>\n\t\t<div class=\"col-12 mt-4\">\n\t\t<input class=\"wpcf7-form-control wpcf7-hidden\" value=\"\" type=\"hidden\" name=\"field-quelle\" \/>\n\t\t\t<p><span class=\"wpcf7-form-control-wrap\" data-name=\"dsgvo\"><span class=\"wpcf7-form-control wpcf7-checkbox wpcf7-validates-as-required\"><span class=\"wpcf7-list-item first last\"><label><input type=\"checkbox\" name=\"dsgvo[]\" value=\"Ich stimme der \u00dcbertragung \/ Verarbeitung meiner Daten gem\u00e4\u00df Datenschutzerkl\u00e4rung zu.*\" \/><span class=\"wpcf7-list-item-label\">Ich stimme der \u00dcbertragung \/ Verarbeitung meiner Daten gem\u00e4\u00df Datenschutzerkl\u00e4rung zu.*<\/span><\/label><\/span><\/span><\/span> Lesen Sie dazu unsere <a href=\"https:\/\/www.aci-laser.com\/de\/datenschutzerklaerung\/\" target=\"_blank\">Datenschutzerkl\u00e4rung<\/a>.\n\t\t\t<\/p>\n\t\t\t<p>* = Pflichtfeld\n\t\t\t<\/p>\n\t\t<div class=\"wpcf7-response-output\" aria-hidden=\"true\"><\/div>\n\t\t\t<div style=\"margin-bottom: 1rem\">\n\t\t\t<span class=\"wpcf7-form-control-wrap recaptcha\" data-name=\"recaptcha\"><span data-sitekey=\"6LchRHsqAAAAAMwH10ot0qoLut1f_AYOknfq4FQf\" class=\"wpcf7-form-control wpcf7-recaptcha g-recaptcha\"><\/span>\r\n<noscript>\r\n\t<div class=\"grecaptcha-noscript\">\r\n\t\t<iframe loading=\"lazy\" src=\"https:\/\/www.google.com\/recaptcha\/api\/fallback?k=6LchRHsqAAAAAMwH10ot0qoLut1f_AYOknfq4FQf\" frameborder=\"0\" scrolling=\"no\" width=\"310\" height=\"430\">\r\n\t\t<\/iframe>\r\n\t\t<textarea name=\"g-recaptcha-response\" rows=\"3\" cols=\"40\" placeholder=\"reCaptcha Response Here\">\r\n\t\t<\/textarea>\r\n\t<\/div>\r\n<\/noscript>\r\n<\/span>\n\t\t\t<\/div>\n\t\t\t<p><input class=\"wpcf7-form-control wpcf7-submit has-spinner wt-btn-petrol\" type=\"submit\" value=\"Absenden\" \/>\n\t\t\t<\/p>\n\t\t<\/div>\n\t<\/div>\n<\/div>\n<\/form>\n<\/div>\n<\/div>\n\n\n\n<div style=\"height:40px\" aria-hidden=\"true\" class=\"wp-block-spacer\"><\/div>\n<\/div><\/div>\n\n\n\n<div style=\"height:80px\" aria-hidden=\"true\" class=\"wp-block-spacer\"><\/div>\n","protected":false},"excerpt":{"rendered":"","protected":false},"author":2,"featured_media":0,"parent":40,"menu_order":3,"comment_status":"closed","ping_status":"closed","template":"","meta":{"footnotes":""},"class_list":["post-475","page","type-page","status-publish","hentry"],"yoast_head":"<!-- This site is optimized with the Yoast SEO plugin v27.1.1 - https:\/\/yoast.com\/product\/yoast-seo-wordpress\/ -->\n<title>ACI Kundendienst - Ihr technischer Support<\/title>\n<meta name=\"description\" content=\"Sie haben eine Frage bez\u00fcglich unserer Dienstleistung oder suchen nach einem Ansprechpartner? Jetzt kontaktieren!\" \/>\n<meta name=\"robots\" content=\"index, follow, max-snippet:-1, max-image-preview:large, max-video-preview:-1\" \/>\n<link rel=\"canonical\" href=\"https:\/\/aci-laser.com\/de\/kontakt\/kundendienst\/\" \/>\n<meta property=\"og:locale\" content=\"de_DE\" \/>\n<meta property=\"og:type\" content=\"article\" \/>\n<meta property=\"og:title\" content=\"ACI Kundendienst - Ihr technischer Support\" \/>\n<meta property=\"og:description\" content=\"Sie haben eine Frage bez\u00fcglich unserer Dienstleistung oder suchen nach einem Ansprechpartner? Jetzt kontaktieren!\" \/>\n<meta property=\"og:url\" content=\"https:\/\/aci-laser.com\/de\/kontakt\/kundendienst\/\" \/>\n<meta property=\"og:site_name\" content=\"ACI Laser GmbH\" \/>\n<meta property=\"article:modified_time\" content=\"2025-08-12T17:49:09+00:00\" \/>\n<meta name=\"twitter:card\" content=\"summary_large_image\" \/>\n<meta name=\"twitter:label1\" content=\"Gesch\u00e4tzte Lesezeit\" \/>\n\t<meta name=\"twitter:data1\" content=\"1\u00a0Minute\" \/>\n<script type=\"application\/ld+json\" class=\"yoast-schema-graph\">{\"@context\":\"https:\/\/schema.org\",\"@graph\":[{\"@type\":\"WebPage\",\"@id\":\"https:\/\/aci-laser.com\/de\/kontakt\/kundendienst\/\",\"url\":\"https:\/\/aci-laser.com\/de\/kontakt\/kundendienst\/\",\"name\":\"ACI Kundendienst - Ihr technischer Support\",\"isPartOf\":{\"@id\":\"https:\/\/aci-laser.com\/de\/#website\"},\"datePublished\":\"2023-10-05T08:05:08+00:00\",\"dateModified\":\"2025-08-12T17:49:09+00:00\",\"description\":\"Sie haben eine Frage bez\u00fcglich unserer Dienstleistung oder suchen nach einem Ansprechpartner? Jetzt kontaktieren!\",\"breadcrumb\":{\"@id\":\"https:\/\/aci-laser.com\/de\/kontakt\/kundendienst\/#breadcrumb\"},\"inLanguage\":\"de\",\"potentialAction\":[{\"@type\":\"ReadAction\",\"target\":[\"https:\/\/aci-laser.com\/de\/kontakt\/kundendienst\/\"]}]},{\"@type\":\"BreadcrumbList\",\"@id\":\"https:\/\/aci-laser.com\/de\/kontakt\/kundendienst\/#breadcrumb\",\"itemListElement\":[{\"@type\":\"ListItem\",\"position\":1,\"name\":\"Startseite\",\"item\":\"https:\/\/aci-laser.com\/de\/\"},{\"@type\":\"ListItem\",\"position\":2,\"name\":\"06_Kontakt\",\"item\":\"https:\/\/aci-laser.com\/de\/kontakt\/\"},{\"@type\":\"ListItem\",\"position\":3,\"name\":\"Kundendienst\"}]},{\"@type\":\"WebSite\",\"@id\":\"https:\/\/aci-laser.com\/de\/#website\",\"url\":\"https:\/\/aci-laser.com\/de\/\",\"name\":\"ACI Laser GmbH\",\"description\":\"\",\"potentialAction\":[{\"@type\":\"SearchAction\",\"target\":{\"@type\":\"EntryPoint\",\"urlTemplate\":\"https:\/\/aci-laser.com\/de\/?s={search_term_string}\"},\"query-input\":{\"@type\":\"PropertyValueSpecification\",\"valueRequired\":true,\"valueName\":\"search_term_string\"}}],\"inLanguage\":\"de\"}]}<\/script>\n<!-- \/ Yoast SEO plugin. -->","yoast_head_json":{"title":"ACI Kundendienst - Ihr technischer Support","description":"Sie haben eine Frage bez\u00fcglich unserer Dienstleistung oder suchen nach einem Ansprechpartner? Jetzt kontaktieren!","robots":{"index":"index","follow":"follow","max-snippet":"max-snippet:-1","max-image-preview":"max-image-preview:large","max-video-preview":"max-video-preview:-1"},"canonical":"https:\/\/aci-laser.com\/de\/kontakt\/kundendienst\/","og_locale":"de_DE","og_type":"article","og_title":"ACI Kundendienst - Ihr technischer Support","og_description":"Sie haben eine Frage bez\u00fcglich unserer Dienstleistung oder suchen nach einem Ansprechpartner? Jetzt kontaktieren!","og_url":"https:\/\/aci-laser.com\/de\/kontakt\/kundendienst\/","og_site_name":"ACI Laser GmbH","article_modified_time":"2025-08-12T17:49:09+00:00","twitter_card":"summary_large_image","twitter_misc":{"Gesch\u00e4tzte Lesezeit":"1\u00a0Minute"},"schema":{"@context":"https:\/\/schema.org","@graph":[{"@type":"WebPage","@id":"https:\/\/aci-laser.com\/de\/kontakt\/kundendienst\/","url":"https:\/\/aci-laser.com\/de\/kontakt\/kundendienst\/","name":"ACI Kundendienst - Ihr technischer Support","isPartOf":{"@id":"https:\/\/aci-laser.com\/de\/#website"},"datePublished":"2023-10-05T08:05:08+00:00","dateModified":"2025-08-12T17:49:09+00:00","description":"Sie haben eine Frage bez\u00fcglich unserer Dienstleistung oder suchen nach einem Ansprechpartner? Jetzt kontaktieren!","breadcrumb":{"@id":"https:\/\/aci-laser.com\/de\/kontakt\/kundendienst\/#breadcrumb"},"inLanguage":"de","potentialAction":[{"@type":"ReadAction","target":["https:\/\/aci-laser.com\/de\/kontakt\/kundendienst\/"]}]},{"@type":"BreadcrumbList","@id":"https:\/\/aci-laser.com\/de\/kontakt\/kundendienst\/#breadcrumb","itemListElement":[{"@type":"ListItem","position":1,"name":"Startseite","item":"https:\/\/aci-laser.com\/de\/"},{"@type":"ListItem","position":2,"name":"06_Kontakt","item":"https:\/\/aci-laser.com\/de\/kontakt\/"},{"@type":"ListItem","position":3,"name":"Kundendienst"}]},{"@type":"WebSite","@id":"https:\/\/aci-laser.com\/de\/#website","url":"https:\/\/aci-laser.com\/de\/","name":"ACI Laser GmbH","description":"","potentialAction":[{"@type":"SearchAction","target":{"@type":"EntryPoint","urlTemplate":"https:\/\/aci-laser.com\/de\/?s={search_term_string}"},"query-input":{"@type":"PropertyValueSpecification","valueRequired":true,"valueName":"search_term_string"}}],"inLanguage":"de"}]}},"_links":{"self":[{"href":"https:\/\/aci-laser.com\/de\/wp-json\/wp\/v2\/pages\/475","targetHints":{"allow":["GET"]}}],"collection":[{"href":"https:\/\/aci-laser.com\/de\/wp-json\/wp\/v2\/pages"}],"about":[{"href":"https:\/\/aci-laser.com\/de\/wp-json\/wp\/v2\/types\/page"}],"author":[{"embeddable":true,"href":"https:\/\/aci-laser.com\/de\/wp-json\/wp\/v2\/users\/2"}],"replies":[{"embeddable":true,"href":"https:\/\/aci-laser.com\/de\/wp-json\/wp\/v2\/comments?post=475"}],"version-history":[{"count":31,"href":"https:\/\/aci-laser.com\/de\/wp-json\/wp\/v2\/pages\/475\/revisions"}],"predecessor-version":[{"id":18431,"href":"https:\/\/aci-laser.com\/de\/wp-json\/wp\/v2\/pages\/475\/revisions\/18431"}],"up":[{"embeddable":true,"href":"https:\/\/aci-laser.com\/de\/wp-json\/wp\/v2\/pages\/40"}],"wp:attachment":[{"href":"https:\/\/aci-laser.com\/de\/wp-json\/wp\/v2\/media?parent=475"}],"curies":[{"name":"wp","href":"https:\/\/api.w.org\/{rel}","templated":true}]}}