{"id":481,"date":"2023-10-05T10:05:08","date_gmt":"2023-10-05T08:05:08","guid":{"rendered":"https:\/\/test.aci-laser.com\/?page_id=481"},"modified":"2025-09-26T08:29:47","modified_gmt":"2025-09-26T06:29:47","slug":"atencion-al-cliente","status":"publish","type":"page","link":"https:\/\/aci-laser.com\/es\/contacto\/atencion-al-cliente\/","title":{"rendered":"Kundendienst ES"},"content":{"rendered":"<section id=\"\" class=\"titelbild-section titelbild-block-id-69df0bf76d6f7 \">\r\n                <div class=\"col-12 col-lg-12\">\r\n                    <div class=\"full-bild\"><img loading=\"lazy\" decoding=\"async\" width=\"1917\" height=\"780\" src=\"\/wp-content\/uploads\/2025\/08\/Titelslider_ACI_Kundendienst.webp\" class=\"img-fluid\" alt=\"El equipo de atenci\u00f3n al cliente de ACI Laser atiende a los clientes por tel\u00e9fono y en l\u00ednea\" srcset=\"\/wp-content\/uploads\/2025\/08\/Titelslider_ACI_Kundendienst.webp 1917w, \/wp-content\/uploads\/2025\/08\/Titelslider_ACI_Kundendienst-300x122.webp 300w, \/wp-content\/uploads\/2025\/08\/Titelslider_ACI_Kundendienst-1024x417.webp 1024w, \/wp-content\/uploads\/2025\/08\/Titelslider_ACI_Kundendienst-768x312.webp 768w, \/wp-content\/uploads\/2025\/08\/Titelslider_ACI_Kundendienst-1536x625.webp 1536w\" sizes=\"auto, (max-width: 1917px) 100vw, 1917px\" \/><\/div>\r\n                    <div class=\"bild-title container\">\r\n                        <p class=\"sub-headline mb-0\">Servicio al cliente de ACI<\/p>\r\n                        <h1 class=\"headline m-0\">Asistencia t\u00e9cnica<\/h1>\r\n                    <\/div>\r\n                <\/div>\r\n            <\/section>\n\n\n<div style=\"height:50px\" aria-hidden=\"true\" class=\"wp-block-spacer\"><\/div>\n\n\n\n<div class=\"wp-block-group container\"><div class=\"wp-block-group__inner-container is-layout-constrained wp-block-group-is-layout-constrained\">\n<div class=\"wp-block-columns is-layout-flex wp-container-core-columns-is-layout-9d6595d7 wp-block-columns-is-layout-flex\">\n<div class=\"wp-block-column is-layout-flow wp-block-column-is-layout-flow\" style=\"flex-basis:66.66%\"><section id=\"default-aci\" class=\"text-bild-block default-aci\">                \r\n                    <div class=\"container\">                        \r\n                        <div class=\"row\">                                        \r\n                            <div class=\"col\">\r\n                                <p class=\"wt-subheadline   default-aci\">Estamos a su disposici\u00f3n<\/p>\r\n                            <\/div>                                        \r\n                        <\/div>                        \r\n                        <div class=\"row\">                                        \r\n                        <div class=\"col\">\r\n                                <h2 class=\"textBlock-headline  default-aci\">Asistencia para sus sistemas ACI<\/h2>\r\n                        <\/div>                                        \r\n                    <\/div>                        \r\n                        <div class=\"row text\">\r\n                        <div class=\"col\">\r\n                            <div class=\"textBlock-text\">\r\n                                \n<p class=\"wp-block-wt-text-bild-block\">\u00bfNecesita ayuda con su sistema l\u00e1ser o con el software de marcado Magic Mark? Estamos a su disposici\u00f3n. Rellene el siguiente formulario de contacto para que podamos ayudarle de forma r\u00e1pida y eficaz. Tambi\u00e9n puede ponerse en contacto con nosotros por tel\u00e9fono de lunes a jueves de 8.00 a 17.00 horas y los viernes de 8.00 a 14.00 horas o por correo electr\u00f3nico.<br><br>En todos los casos, indique el n\u00famero de serie de su l\u00e1ser o carcasa protectora y el n\u00famero de versi\u00f3n del software Magic Mark instalado. El n\u00famero de serie se encuentra en la placa de caracter\u00edsticas fijada en la parte posterior del aparato. Puede encontrar el n\u00famero de versi\u00f3n de su software en el software de etiquetado Magic Mark. Haga clic en \u00abAcerca de\u00bb en la categor\u00eda \u00abAyuda\u00bb y lea el n\u00famero de versi\u00f3n.<br><br>Procesaremos su solicitud lo antes posible y nos pondremos en contacto con usted.<\/p>\n\r\n                            <\/div>\r\n                        <\/div>                                        \r\n                    <\/div>                        \r\n                    <\/div>                                \r\n            <\/section><\/div>\n\n\n\n<div class=\"wp-block-column is-layout-flow wp-block-column-is-layout-flow\" style=\"flex-basis:33.33%\"><section id=\"default-aci\" class=\"text-bild-block default-aci\">                \r\n                    <div class=\"container\">                        \r\n                        <div class=\"row\">                                        \r\n                            <div class=\"col\">\r\n                                <h2 class=\"wt-subheadline   default-aci\">Cont\u00e1ctenos<\/h2>\r\n                            <\/div>                                        \r\n                        <\/div>                        \r\n                        <div class=\"row\">                                        \r\n                        <div class=\"col\">\r\n                                <p class=\"textBlock-headline  default-aci\">Asistencia y servicios<\/p>\r\n                        <\/div>                                        \r\n                    <\/div>                        \r\n                        <div class=\"row text\">\r\n                        <div class=\"col\">\r\n                            <div class=\"textBlock-text\">\r\n                                T +49 (0) 3643 4152-0<br\/>\n<a class=\"wt-k-click-mail\" href=\"mailto:%73%65%72%76%69%63%65@%61%63%69-%6c%61%73%65%72.%64%65\">&#x73;&#x65;&#x72;&#x76;&#x69;&#x63;&#x65;&#x40;&#x61;&#x63;&#x69;&#x2d;&#x6c;&#x61;&#x73;&#x65;&#x72;&#x2e;&#x64;&#x65;<\/a>\n<br\/>\n<br\/>\n<b>L\u00ednea directa<\/b><br\/>\nLun &#8211; Jue:  8 h &#8211; 5 h<br\/>\nVie:  8 h &#8211; 2 h\r\n                            <\/div>\r\n                        <\/div>                                        \r\n                    <\/div>                        \r\n                    <\/div>                                \r\n            <\/section><\/div>\n<\/div>\n<\/div><\/div>\n\n\n\n<div class=\"wp-block-group container\"><div class=\"wp-block-group__inner-container is-layout-constrained wp-block-group-is-layout-constrained\"><section id=\"default-aci\" class=\"text-bild-block default-aci\">                \r\n                    <div class=\"container\">                        \r\n                        <div class=\"row\">                                        \r\n                            <div class=\"col\">\r\n                                <h2 class=\"wt-subheadline   default-aci\">Magic Mark<\/h2>\r\n                            <\/div>                                        \r\n                        <\/div>                        \r\n                        <div class=\"row\">                                        \r\n                        <div class=\"col\">\r\n                                <p class=\"textBlock-headline  default-aci\">\u00bfNecesita descargar alg\u00fan programa?<\/p>\r\n                        <\/div>                                        \r\n                    <\/div>                        \r\n                        <div class=\"row text\">\r\n                        <div class=\"col\">\r\n                            <div class=\"textBlock-text\">\r\n                                \n<p class=\"wp-block-wt-text-bild-block\">Utilice tambi\u00e9n el siguiente formulario de contacto.<\/p>\n\r\n                            <\/div>\r\n                        <\/div>                                        \r\n                    <\/div>                        \r\n                    <\/div>                                \r\n            <\/section><\/div><\/div>\n\n\n\n<div style=\"height:40px\" aria-hidden=\"true\" class=\"wp-block-spacer\"><\/div>\n\n\n\n<div class=\"wp-block-group has-background\" style=\"background-color:#f7f6f6\"><div class=\"wp-block-group__inner-container is-layout-constrained wp-block-group-is-layout-constrained\">\n<div style=\"height:40px\" aria-hidden=\"true\" class=\"wp-block-spacer\"><\/div>\n\n\n\n<div class=\"wp-block-contact-form-7-contact-form-selector\">\n<div class=\"wpcf7 no-js\" id=\"wpcf7-f5603-o1\" lang=\"de-DE\" dir=\"ltr\" data-wpcf7-id=\"5603\">\n<div class=\"screen-reader-response\"><p role=\"status\" aria-live=\"polite\" aria-atomic=\"true\"><\/p> <ul><\/ul><\/div>\n<form action=\"\/es\/wp-json\/wp\/v2\/pages\/481#wpcf7-f5603-o1\" method=\"post\" class=\"wpcf7-form init\" aria-label=\"Kontaktformular\" novalidate=\"novalidate\" data-status=\"init\">\n<fieldset class=\"hidden-fields-container\"><input type=\"hidden\" name=\"_wpcf7\" value=\"5603\" \/><input type=\"hidden\" name=\"_wpcf7_version\" value=\"6.1.5\" \/><input type=\"hidden\" name=\"_wpcf7_locale\" value=\"de_DE\" \/><input type=\"hidden\" name=\"_wpcf7_unit_tag\" value=\"wpcf7-f5603-o1\" \/><input type=\"hidden\" name=\"_wpcf7_container_post\" value=\"0\" \/><input type=\"hidden\" name=\"_wpcf7_posted_data_hash\" value=\"\" \/><input type=\"hidden\" name=\"_wpcf7_recaptcha_response\" value=\"\" \/>\n<\/fieldset>\n<div class=\"container section-form\">\n\t<div class=\"row\">\n\t\t<div class=\"col-12 col-lg-6\">\n\t\t\t<p><label> Su consulta<br \/>\n<span class=\"wpcf7-form-control-wrap\" data-name=\"request\"><select class=\"wpcf7-form-control wpcf7-select\" aria-invalid=\"false\" name=\"request\"><option value=\"- Seleccione -\">- Seleccione -<\/option><option value=\"Formaci\u00f3n\">Formaci\u00f3n<\/option><option value=\"Mantenimiento\">Mantenimiento<\/option><option value=\"Reparaci\u00f3n\">Reparaci\u00f3n<\/option><option value=\"Asistencia\">Asistencia<\/option><\/select><\/span> <\/label>\n\t\t\t<\/p>\n\t\t\t<p><label> Tratamiento<br \/>\n<span class=\"wpcf7-form-control-wrap\" data-name=\"salutation\"><select class=\"wpcf7-form-control wpcf7-select\" aria-invalid=\"false\" name=\"salutation\"><option value=\"- Seleccione -\">- Seleccione -<\/option><option value=\"Sra.\">Sra.<\/option><option value=\"Sr.\">Sr.<\/option><option value=\"-\">-<\/option><\/select><\/span> <\/label>\n\t\t\t<\/p>\n\t\t\t<p><label> Nombre*<br \/>\n<span class=\"wpcf7-form-control-wrap\" data-name=\"field-firstname\"><input size=\"40\" maxlength=\"400\" class=\"wpcf7-form-control wpcf7-text wpcf7-validates-as-required\" aria-required=\"true\" aria-invalid=\"false\" value=\"\" type=\"text\" name=\"field-firstname\" \/><\/span> <\/label>\n\t\t\t<\/p>\n\t\t\t<p><label> Apellidos*<br \/>\n<span class=\"wpcf7-form-control-wrap\" data-name=\"field-lastname\"><input size=\"40\" maxlength=\"400\" class=\"wpcf7-form-control wpcf7-text wpcf7-validates-as-required\" aria-required=\"true\" aria-invalid=\"false\" value=\"\" type=\"text\" name=\"field-lastname\" \/><\/span> <\/label>\n\t\t\t<\/p>\n\t\t\t<p><label> Empresa*<br \/>\n<span class=\"wpcf7-form-control-wrap\" data-name=\"field-company\"><input size=\"40\" maxlength=\"400\" class=\"wpcf7-form-control wpcf7-text wpcf7-validates-as-required\" aria-required=\"true\" aria-invalid=\"false\" value=\"\" type=\"text\" name=\"field-company\" \/><\/span> <\/label>\n\t\t\t<\/p>\n\t\t\t<p><label> Tel\u00e9fono (con prefijo)*<br \/>\n<span class=\"wpcf7-form-control-wrap\" data-name=\"field-phone\"><input size=\"40\" maxlength=\"400\" class=\"wpcf7-form-control wpcf7-text wpcf7-validates-as-required\" aria-required=\"true\" aria-invalid=\"false\" value=\"\" type=\"text\" name=\"field-phone\" \/><\/span> <\/label>\n\t\t\t<\/p>\n\t\t\t<p><label> Direcci\u00f3n de correo electr\u00f3nico*<br \/>\n<span class=\"wpcf7-form-control-wrap\" data-name=\"field-email\"><input size=\"40\" maxlength=\"400\" class=\"wpcf7-form-control wpcf7-email wpcf7-validates-as-required wpcf7-text wpcf7-validates-as-email\" aria-required=\"true\" aria-invalid=\"false\" value=\"\" type=\"email\" name=\"field-email\" \/><\/span> <\/label>\n\t\t\t<\/p>\n\t\t<\/div>\n\t\t<div class=\"col-12 col-lg-6\">\n\t\t\t<p><label> N\u00famero de serie del l\u00e1ser* <span class=\"info-icon\"><img alt=\"Info\" loading=\"lazy\" decoding=\"async\" width=\"15px\" height=\"15px\" src=\"\/wp-content\/uploads\/2024\/05\/info-1.svg\" \/><\/span><span class=\"info-img\"><img alt=\"Screenshot\" loading=\"lazy\" decoding=\"async\" src=\"\/wp-content\/uploads\/2024\/05\/Screenshot-2024-05-02-142520.png\" \/><\/span><br \/>\n<span class=\"wpcf7-form-control-wrap\" data-name=\"field-nrlaiser\"><input size=\"40\" maxlength=\"400\" class=\"wpcf7-form-control wpcf7-text wpcf7-validates-as-required\" aria-required=\"true\" aria-invalid=\"false\" value=\"\" type=\"text\" name=\"field-nrlaiser\" \/><\/span> <\/label>\n\t\t\t<\/p>\n\t\t\t<p><label> N\u00famero de serie de la carcasa protectora<br \/>\n<span class=\"wpcf7-form-control-wrap\" data-name=\"field-nrprotective\"><input size=\"40\" maxlength=\"400\" class=\"wpcf7-form-control wpcf7-text\" aria-invalid=\"false\" value=\"\" type=\"text\" name=\"field-nrprotective\" \/><\/span> <\/label>\n\t\t\t<\/p>\n\t\t\t<p><label> N.\u00ba de software*<br \/>\n<span class=\"wpcf7-form-control-wrap\" data-name=\"field-nrbuild\"><input size=\"40\" maxlength=\"400\" class=\"wpcf7-form-control wpcf7-text wpcf7-validates-as-required\" aria-required=\"true\" aria-invalid=\"false\" value=\"\" type=\"text\" name=\"field-nrbuild\" \/><\/span> <\/label>\n\t\t\t<\/p>\n\t\t\t<p><label> Su mensaje \/ \u00bfQu\u00e9 has hecho para solucionar el error?*<br \/>\n<span class=\"wpcf7-form-control-wrap\" data-name=\"field-message\"><textarea cols=\"40\" rows=\"8\" maxlength=\"2000\" class=\"wpcf7-form-control wpcf7-textarea wpcf7-validates-as-required\" aria-required=\"true\" aria-invalid=\"false\" name=\"field-message\"><\/textarea><\/span> <\/label>\n\t\t\t<\/p>\n\t\t<\/div>\n\t\t<div class=\"col-12 mt-4\">\n\t\t\t<p><span class=\"wpcf7-form-control-wrap\" data-name=\"dsgvo\"><span class=\"wpcf7-form-control wpcf7-checkbox wpcf7-validates-as-required\"><span class=\"wpcf7-list-item first last\"><label><input type=\"checkbox\" name=\"dsgvo[]\" value=\"Otorgo mi consentimiento para la transferencia \/ el tratamiento de mis datos con arreglo a lo dispuesto en pol\u00edtica de privacidad.*\" \/><span class=\"wpcf7-list-item-label\">Otorgo mi consentimiento para la transferencia \/ el tratamiento de mis datos con arreglo a lo dispuesto en pol\u00edtica de privacidad.*<\/span><\/label><\/span><\/span><\/span> Lea nuestra <a href=\"https:\/\/www.aci-laser.com\/es\/declaracion-de-proteccion-de-datos\/\" target=\"_blank\">pol\u00edtica de privacidad<\/a>.\n\t\t\t<\/p>\n\t\t\t<p>* = campo obligatorio\n\t\t\t<\/p>\n\t\t<div class=\"wpcf7-response-output\" aria-hidden=\"true\"><\/div>\n\t\t\t<div style=\"margin-bottom: 1rem\">\n\t\t\t<span class=\"wpcf7-form-control-wrap recaptcha\" data-name=\"recaptcha\"><span data-sitekey=\"6LchRHsqAAAAAMwH10ot0qoLut1f_AYOknfq4FQf\" class=\"wpcf7-form-control wpcf7-recaptcha g-recaptcha\"><\/span>\r\n<noscript>\r\n\t<div class=\"grecaptcha-noscript\">\r\n\t\t<iframe loading=\"lazy\" src=\"https:\/\/www.google.com\/recaptcha\/api\/fallback?k=6LchRHsqAAAAAMwH10ot0qoLut1f_AYOknfq4FQf\" frameborder=\"0\" scrolling=\"no\" width=\"310\" height=\"430\">\r\n\t\t<\/iframe>\r\n\t\t<textarea name=\"g-recaptcha-response\" rows=\"3\" cols=\"40\" placeholder=\"reCaptcha Response Here\">\r\n\t\t<\/textarea>\r\n\t<\/div>\r\n<\/noscript>\r\n<\/span>\n\t\t\t<\/div>\n\t\t\t<p><input class=\"wpcf7-form-control wpcf7-submit has-spinner wt-btn-petrol\" type=\"submit\" value=\"Enviar\" \/>\n\t\t\t<\/p>\n\t\t<\/div>\n\t<\/div>\n<\/div>\n<\/form>\n<\/div>\n<\/div>\n\n\n\n<div style=\"height:40px\" aria-hidden=\"true\" class=\"wp-block-spacer\"><\/div>\n<\/div><\/div>\n\n\n\n<div style=\"height:80px\" aria-hidden=\"true\" class=\"wp-block-spacer\"><\/div>\n","protected":false},"excerpt":{"rendered":"","protected":false},"author":2,"featured_media":0,"parent":331,"menu_order":3,"comment_status":"closed","ping_status":"closed","template":"","meta":{"footnotes":""},"class_list":["post-481","page","type-page","status-publish","hentry"],"yoast_head":"<!-- This site is optimized with the Yoast SEO plugin v27.1.1 - https:\/\/yoast.com\/product\/yoast-seo-wordpress\/ -->\n<title>Servicio de atenci\u00f3n al cliente de ACI: apoyo t\u00e9cnico<\/title>\n<meta name=\"description\" content=\"\u00bfTiene alguna pregunta sobre nuestros servicios o busca una persona de contacto? P\u00f3ngase en contacto con nosotros\" \/>\n<meta name=\"robots\" content=\"index, follow, max-snippet:-1, max-image-preview:large, max-video-preview:-1\" \/>\n<link rel=\"canonical\" href=\"https:\/\/aci-laser.com\/es\/contacto\/atencion-al-cliente\/\" \/>\n<meta property=\"og:locale\" content=\"es_ES\" \/>\n<meta property=\"og:type\" content=\"article\" \/>\n<meta property=\"og:title\" content=\"Servicio de atenci\u00f3n al cliente de ACI: apoyo t\u00e9cnico\" \/>\n<meta property=\"og:description\" content=\"\u00bfTiene alguna pregunta sobre nuestros servicios o busca una persona de contacto? P\u00f3ngase en contacto con nosotros\" \/>\n<meta property=\"og:url\" content=\"https:\/\/aci-laser.com\/es\/contacto\/atencion-al-cliente\/\" \/>\n<meta property=\"og:site_name\" content=\"ACI Laser GmbH\" \/>\n<meta property=\"article:modified_time\" content=\"2025-09-26T06:29:47+00:00\" \/>\n<meta name=\"twitter:card\" content=\"summary_large_image\" \/>\n<meta name=\"twitter:label1\" content=\"Tiempo de lectura\" \/>\n\t<meta name=\"twitter:data1\" content=\"1 minuto\" \/>\n<script type=\"application\/ld+json\" class=\"yoast-schema-graph\">{\"@context\":\"https:\/\/schema.org\",\"@graph\":[{\"@type\":\"WebPage\",\"@id\":\"https:\/\/aci-laser.com\/es\/contacto\/atencion-al-cliente\/\",\"url\":\"https:\/\/aci-laser.com\/es\/contacto\/atencion-al-cliente\/\",\"name\":\"Servicio de atenci\u00f3n al cliente de ACI: apoyo t\u00e9cnico\",\"isPartOf\":{\"@id\":\"https:\/\/aci-laser.com\/es\/#website\"},\"datePublished\":\"2023-10-05T08:05:08+00:00\",\"dateModified\":\"2025-09-26T06:29:47+00:00\",\"description\":\"\u00bfTiene alguna pregunta sobre nuestros servicios o busca una persona de contacto? P\u00f3ngase en contacto con nosotros\",\"breadcrumb\":{\"@id\":\"https:\/\/aci-laser.com\/es\/contacto\/atencion-al-cliente\/#breadcrumb\"},\"inLanguage\":\"es\",\"potentialAction\":[{\"@type\":\"ReadAction\",\"target\":[\"https:\/\/aci-laser.com\/es\/contacto\/atencion-al-cliente\/\"]}]},{\"@type\":\"BreadcrumbList\",\"@id\":\"https:\/\/aci-laser.com\/es\/contacto\/atencion-al-cliente\/#breadcrumb\",\"itemListElement\":[{\"@type\":\"ListItem\",\"position\":1,\"name\":\"Startseite\",\"item\":\"https:\/\/aci-laser.com\/es\/\"},{\"@type\":\"ListItem\",\"position\":2,\"name\":\"06_Kontakt ES\",\"item\":\"https:\/\/aci-laser.com\/es\/contacto\/\"},{\"@type\":\"ListItem\",\"position\":3,\"name\":\"Kundendienst ES\"}]},{\"@type\":\"WebSite\",\"@id\":\"https:\/\/aci-laser.com\/es\/#website\",\"url\":\"https:\/\/aci-laser.com\/es\/\",\"name\":\"ACI Laser GmbH\",\"description\":\"\",\"potentialAction\":[{\"@type\":\"SearchAction\",\"target\":{\"@type\":\"EntryPoint\",\"urlTemplate\":\"https:\/\/aci-laser.com\/es\/?s={search_term_string}\"},\"query-input\":{\"@type\":\"PropertyValueSpecification\",\"valueRequired\":true,\"valueName\":\"search_term_string\"}}],\"inLanguage\":\"es\"}]}<\/script>\n<!-- \/ Yoast SEO plugin. -->","yoast_head_json":{"title":"Servicio de atenci\u00f3n al cliente de ACI: apoyo t\u00e9cnico","description":"\u00bfTiene alguna pregunta sobre nuestros servicios o busca una persona de contacto? P\u00f3ngase en contacto con nosotros","robots":{"index":"index","follow":"follow","max-snippet":"max-snippet:-1","max-image-preview":"max-image-preview:large","max-video-preview":"max-video-preview:-1"},"canonical":"https:\/\/aci-laser.com\/es\/contacto\/atencion-al-cliente\/","og_locale":"es_ES","og_type":"article","og_title":"Servicio de atenci\u00f3n al cliente de ACI: apoyo t\u00e9cnico","og_description":"\u00bfTiene alguna pregunta sobre nuestros servicios o busca una persona de contacto? P\u00f3ngase en contacto con nosotros","og_url":"https:\/\/aci-laser.com\/es\/contacto\/atencion-al-cliente\/","og_site_name":"ACI Laser GmbH","article_modified_time":"2025-09-26T06:29:47+00:00","twitter_card":"summary_large_image","twitter_misc":{"Tiempo de lectura":"1 minuto"},"schema":{"@context":"https:\/\/schema.org","@graph":[{"@type":"WebPage","@id":"https:\/\/aci-laser.com\/es\/contacto\/atencion-al-cliente\/","url":"https:\/\/aci-laser.com\/es\/contacto\/atencion-al-cliente\/","name":"Servicio de atenci\u00f3n al cliente de ACI: apoyo t\u00e9cnico","isPartOf":{"@id":"https:\/\/aci-laser.com\/es\/#website"},"datePublished":"2023-10-05T08:05:08+00:00","dateModified":"2025-09-26T06:29:47+00:00","description":"\u00bfTiene alguna pregunta sobre nuestros servicios o busca una persona de contacto? P\u00f3ngase en contacto con nosotros","breadcrumb":{"@id":"https:\/\/aci-laser.com\/es\/contacto\/atencion-al-cliente\/#breadcrumb"},"inLanguage":"es","potentialAction":[{"@type":"ReadAction","target":["https:\/\/aci-laser.com\/es\/contacto\/atencion-al-cliente\/"]}]},{"@type":"BreadcrumbList","@id":"https:\/\/aci-laser.com\/es\/contacto\/atencion-al-cliente\/#breadcrumb","itemListElement":[{"@type":"ListItem","position":1,"name":"Startseite","item":"https:\/\/aci-laser.com\/es\/"},{"@type":"ListItem","position":2,"name":"06_Kontakt ES","item":"https:\/\/aci-laser.com\/es\/contacto\/"},{"@type":"ListItem","position":3,"name":"Kundendienst ES"}]},{"@type":"WebSite","@id":"https:\/\/aci-laser.com\/es\/#website","url":"https:\/\/aci-laser.com\/es\/","name":"ACI Laser GmbH","description":"","potentialAction":[{"@type":"SearchAction","target":{"@type":"EntryPoint","urlTemplate":"https:\/\/aci-laser.com\/es\/?s={search_term_string}"},"query-input":{"@type":"PropertyValueSpecification","valueRequired":true,"valueName":"search_term_string"}}],"inLanguage":"es"}]}},"_links":{"self":[{"href":"https:\/\/aci-laser.com\/es\/wp-json\/wp\/v2\/pages\/481","targetHints":{"allow":["GET"]}}],"collection":[{"href":"https:\/\/aci-laser.com\/es\/wp-json\/wp\/v2\/pages"}],"about":[{"href":"https:\/\/aci-laser.com\/es\/wp-json\/wp\/v2\/types\/page"}],"author":[{"embeddable":true,"href":"https:\/\/aci-laser.com\/es\/wp-json\/wp\/v2\/users\/2"}],"replies":[{"embeddable":true,"href":"https:\/\/aci-laser.com\/es\/wp-json\/wp\/v2\/comments?post=481"}],"version-history":[{"count":11,"href":"https:\/\/aci-laser.com\/es\/wp-json\/wp\/v2\/pages\/481\/revisions"}],"predecessor-version":[{"id":18432,"href":"https:\/\/aci-laser.com\/es\/wp-json\/wp\/v2\/pages\/481\/revisions\/18432"}],"up":[{"embeddable":true,"href":"https:\/\/aci-laser.com\/es\/wp-json\/wp\/v2\/pages\/331"}],"wp:attachment":[{"href":"https:\/\/aci-laser.com\/es\/wp-json\/wp\/v2\/media?parent=481"}],"curies":[{"name":"wp","href":"https:\/\/api.w.org\/{rel}","templated":true}]}}