{"id":413,"date":"2023-10-05T08:29:51","date_gmt":"2023-10-05T06:29:51","guid":{"rendered":"https:\/\/test.aci-laser.com\/?page_id=413"},"modified":"2025-07-25T13:35:39","modified_gmt":"2025-07-25T11:35:39","slug":"subventions","status":"publish","type":"page","link":"https:\/\/aci-laser.com\/fr\/subventions\/","title":{"rendered":"F\u00f6rderungen FR"},"content":{"rendered":"\n<div style=\"height:80px\" aria-hidden=\"true\" class=\"wp-block-spacer\"><\/div>\n\n\n<section id=\"default-aci\" class=\"text-bild-block default-aci\">                \r\n                    <div class=\"container\">                        \r\n                        <div class=\"row\">                                        \r\n                            <div class=\"col\">\r\n                                <p class=\"wt-subheadline   default-aci\">ACI Laser<\/p>\r\n                            <\/div>                                        \r\n                        <\/div>                        \r\n                        <div class=\"row\">                                        \r\n                        <div class=\"col\">\r\n                                <h1 class=\"textBlock-headline  default-aci\">Subventions<\/h1>\r\n                        <\/div>                                        \r\n                    <\/div>                        \r\n                        <div class=\"row text\">\r\n                        <div class=\"col\">\r\n                            <div class=\"textBlock-text\">\r\n                                \n<p class=\"wp-block-wt-text-bild-block\">Titre du projet : Conseil intensif et accompagnement du processus par un(e) conseiller(\u00e8re) d&rsquo;entreprise<br><br>B\u00e9n\u00e9ficiaire : ACI Laser GmbH<br><br>Description du projet :<br>Conform\u00e9ment \u00e0 la directive sur le conseil de l&rsquo;\u00c9tat libre de Thuringe, l&rsquo;entreprise re\u00e7oit une aide pour augmenter ses performances et sa comp\u00e9titivit\u00e9 gr\u00e2ce au conseil de conseillers d&rsquo;entreprise ind\u00e9pendants &#8211; conseil intensif et accompagnement du processus. Les r\u00e9sultats et les recommandations d&rsquo;action sont consign\u00e9s dans un rapport de consultant. L&rsquo;aide est financ\u00e9e par le Fonds social europ\u00e9en et par des fonds du Land de Thuringe.<\/p>\n\r\n                            <\/div>\r\n                        <\/div>                                        \r\n                    <\/div>                        \r\n                    <\/div>                                \r\n            <\/section>\n\n\n<div style=\"height:80px\" aria-hidden=\"true\" class=\"wp-block-spacer\"><\/div>\n\n\n\n<div class=\"wp-block-group container\"><div class=\"wp-block-group__inner-container is-layout-constrained wp-block-group-is-layout-constrained\">\n<figure class=\"wp-block-image size-full\"><img loading=\"lazy\" decoding=\"async\" width=\"703\" height=\"68\" src=\"https:\/\/test.aci-laser.com\/wp-content\/uploads\/2023\/11\/Foerderhinweis.jpg\" alt=\"Foerderhinweis\" class=\"wp-image-6124\" srcset=\"https:\/\/aci-laser.com\/wp-content\/uploads\/2023\/11\/Foerderhinweis.jpg 703w, https:\/\/aci-laser.com\/wp-content\/uploads\/2023\/11\/Foerderhinweis-300x29.jpg 300w\" sizes=\"auto, (max-width: 703px) 100vw, 703px\" \/><\/figure>\n<\/div><\/div>\n\n\n\n<div style=\"height:80px\" aria-hidden=\"true\" class=\"wp-block-spacer\"><\/div>\n","protected":false},"excerpt":{"rendered":"","protected":false},"author":2,"featured_media":0,"parent":0,"menu_order":0,"comment_status":"closed","ping_status":"closed","template":"","meta":{"footnotes":""},"class_list":["post-413","page","type-page","status-publish","hentry"],"yoast_head":"<!-- This site is optimized with the Yoast SEO plugin v27.1.1 - https:\/\/yoast.com\/product\/yoast-seo-wordpress\/ -->\n<title>Nos aides financi\u00e8res - ACI Laser<\/title>\n<meta name=\"description\" content=\"D\u00e9couvrez ici tout ce qui concerne nos subventions dans le domaine des applications laser. Informez-vous maintenant!\" \/>\n<meta name=\"robots\" content=\"index, follow, max-snippet:-1, max-image-preview:large, max-video-preview:-1\" \/>\n<link rel=\"canonical\" href=\"https:\/\/aci-laser.com\/fr\/subventions\/\" \/>\n<meta property=\"og:locale\" content=\"fr_FR\" \/>\n<meta property=\"og:type\" content=\"article\" \/>\n<meta property=\"og:title\" content=\"Nos aides financi\u00e8res - ACI Laser\" \/>\n<meta property=\"og:description\" content=\"D\u00e9couvrez ici tout ce qui concerne nos subventions dans le domaine des applications laser. Informez-vous maintenant!\" \/>\n<meta property=\"og:url\" content=\"https:\/\/aci-laser.com\/fr\/subventions\/\" \/>\n<meta property=\"og:site_name\" content=\"ACI Laser GmbH\" \/>\n<meta property=\"article:modified_time\" content=\"2025-07-25T11:35:39+00:00\" \/>\n<meta property=\"og:image\" content=\"https:\/\/test.aci-laser.com\/wp-content\/uploads\/2023\/11\/Foerderhinweis.jpg\" \/>\n<meta name=\"twitter:card\" content=\"summary_large_image\" \/>\n<meta name=\"twitter:label1\" content=\"Dur\u00e9e de lecture estim\u00e9e\" \/>\n\t<meta name=\"twitter:data1\" content=\"1 minute\" \/>\n<script type=\"application\/ld+json\" class=\"yoast-schema-graph\">{\"@context\":\"https:\/\/schema.org\",\"@graph\":[{\"@type\":\"WebPage\",\"@id\":\"https:\/\/aci-laser.com\/fr\/subventions\/\",\"url\":\"https:\/\/aci-laser.com\/fr\/subventions\/\",\"name\":\"Nos aides financi\u00e8res - ACI Laser\",\"isPartOf\":{\"@id\":\"https:\/\/aci-laser.com\/fr\/#website\"},\"primaryImageOfPage\":{\"@id\":\"https:\/\/aci-laser.com\/fr\/subventions\/#primaryimage\"},\"image\":{\"@id\":\"https:\/\/aci-laser.com\/fr\/subventions\/#primaryimage\"},\"thumbnailUrl\":\"https:\/\/test.aci-laser.com\/wp-content\/uploads\/2023\/11\/Foerderhinweis.jpg\",\"datePublished\":\"2023-10-05T06:29:51+00:00\",\"dateModified\":\"2025-07-25T11:35:39+00:00\",\"description\":\"D\u00e9couvrez ici tout ce qui concerne nos subventions dans le domaine des applications laser. Informez-vous maintenant!\",\"breadcrumb\":{\"@id\":\"https:\/\/aci-laser.com\/fr\/subventions\/#breadcrumb\"},\"inLanguage\":\"fr-FR\",\"potentialAction\":[{\"@type\":\"ReadAction\",\"target\":[\"https:\/\/aci-laser.com\/fr\/subventions\/\"]}]},{\"@type\":\"ImageObject\",\"inLanguage\":\"fr-FR\",\"@id\":\"https:\/\/aci-laser.com\/fr\/subventions\/#primaryimage\",\"url\":\"https:\/\/test.aci-laser.com\/wp-content\/uploads\/2023\/11\/Foerderhinweis.jpg\",\"contentUrl\":\"https:\/\/test.aci-laser.com\/wp-content\/uploads\/2023\/11\/Foerderhinweis.jpg\"},{\"@type\":\"BreadcrumbList\",\"@id\":\"https:\/\/aci-laser.com\/fr\/subventions\/#breadcrumb\",\"itemListElement\":[{\"@type\":\"ListItem\",\"position\":1,\"name\":\"Startseite\",\"item\":\"https:\/\/aci-laser.com\/fr\/\"},{\"@type\":\"ListItem\",\"position\":2,\"name\":\"F\u00f6rderungen FR\"}]},{\"@type\":\"WebSite\",\"@id\":\"https:\/\/aci-laser.com\/fr\/#website\",\"url\":\"https:\/\/aci-laser.com\/fr\/\",\"name\":\"ACI Laser GmbH\",\"description\":\"\",\"potentialAction\":[{\"@type\":\"SearchAction\",\"target\":{\"@type\":\"EntryPoint\",\"urlTemplate\":\"https:\/\/aci-laser.com\/fr\/?s={search_term_string}\"},\"query-input\":{\"@type\":\"PropertyValueSpecification\",\"valueRequired\":true,\"valueName\":\"search_term_string\"}}],\"inLanguage\":\"fr-FR\"}]}<\/script>\n<!-- \/ Yoast SEO plugin. -->","yoast_head_json":{"title":"Nos aides financi\u00e8res - ACI Laser","description":"D\u00e9couvrez ici tout ce qui concerne nos subventions dans le domaine des applications laser. Informez-vous maintenant!","robots":{"index":"index","follow":"follow","max-snippet":"max-snippet:-1","max-image-preview":"max-image-preview:large","max-video-preview":"max-video-preview:-1"},"canonical":"https:\/\/aci-laser.com\/fr\/subventions\/","og_locale":"fr_FR","og_type":"article","og_title":"Nos aides financi\u00e8res - ACI Laser","og_description":"D\u00e9couvrez ici tout ce qui concerne nos subventions dans le domaine des applications laser. Informez-vous maintenant!","og_url":"https:\/\/aci-laser.com\/fr\/subventions\/","og_site_name":"ACI Laser GmbH","article_modified_time":"2025-07-25T11:35:39+00:00","og_image":[{"url":"https:\/\/test.aci-laser.com\/wp-content\/uploads\/2023\/11\/Foerderhinweis.jpg","type":"","width":"","height":""}],"twitter_card":"summary_large_image","twitter_misc":{"Dur\u00e9e de lecture estim\u00e9e":"1 minute"},"schema":{"@context":"https:\/\/schema.org","@graph":[{"@type":"WebPage","@id":"https:\/\/aci-laser.com\/fr\/subventions\/","url":"https:\/\/aci-laser.com\/fr\/subventions\/","name":"Nos aides financi\u00e8res - ACI Laser","isPartOf":{"@id":"https:\/\/aci-laser.com\/fr\/#website"},"primaryImageOfPage":{"@id":"https:\/\/aci-laser.com\/fr\/subventions\/#primaryimage"},"image":{"@id":"https:\/\/aci-laser.com\/fr\/subventions\/#primaryimage"},"thumbnailUrl":"https:\/\/test.aci-laser.com\/wp-content\/uploads\/2023\/11\/Foerderhinweis.jpg","datePublished":"2023-10-05T06:29:51+00:00","dateModified":"2025-07-25T11:35:39+00:00","description":"D\u00e9couvrez ici tout ce qui concerne nos subventions dans le domaine des applications laser. Informez-vous maintenant!","breadcrumb":{"@id":"https:\/\/aci-laser.com\/fr\/subventions\/#breadcrumb"},"inLanguage":"fr-FR","potentialAction":[{"@type":"ReadAction","target":["https:\/\/aci-laser.com\/fr\/subventions\/"]}]},{"@type":"ImageObject","inLanguage":"fr-FR","@id":"https:\/\/aci-laser.com\/fr\/subventions\/#primaryimage","url":"https:\/\/test.aci-laser.com\/wp-content\/uploads\/2023\/11\/Foerderhinweis.jpg","contentUrl":"https:\/\/test.aci-laser.com\/wp-content\/uploads\/2023\/11\/Foerderhinweis.jpg"},{"@type":"BreadcrumbList","@id":"https:\/\/aci-laser.com\/fr\/subventions\/#breadcrumb","itemListElement":[{"@type":"ListItem","position":1,"name":"Startseite","item":"https:\/\/aci-laser.com\/fr\/"},{"@type":"ListItem","position":2,"name":"F\u00f6rderungen FR"}]},{"@type":"WebSite","@id":"https:\/\/aci-laser.com\/fr\/#website","url":"https:\/\/aci-laser.com\/fr\/","name":"ACI Laser GmbH","description":"","potentialAction":[{"@type":"SearchAction","target":{"@type":"EntryPoint","urlTemplate":"https:\/\/aci-laser.com\/fr\/?s={search_term_string}"},"query-input":{"@type":"PropertyValueSpecification","valueRequired":true,"valueName":"search_term_string"}}],"inLanguage":"fr-FR"}]}},"_links":{"self":[{"href":"https:\/\/aci-laser.com\/fr\/wp-json\/wp\/v2\/pages\/413","targetHints":{"allow":["GET"]}}],"collection":[{"href":"https:\/\/aci-laser.com\/fr\/wp-json\/wp\/v2\/pages"}],"about":[{"href":"https:\/\/aci-laser.com\/fr\/wp-json\/wp\/v2\/types\/page"}],"author":[{"embeddable":true,"href":"https:\/\/aci-laser.com\/fr\/wp-json\/wp\/v2\/users\/2"}],"replies":[{"embeddable":true,"href":"https:\/\/aci-laser.com\/fr\/wp-json\/wp\/v2\/comments?post=413"}],"version-history":[{"count":3,"href":"https:\/\/aci-laser.com\/fr\/wp-json\/wp\/v2\/pages\/413\/revisions"}],"predecessor-version":[{"id":17997,"href":"https:\/\/aci-laser.com\/fr\/wp-json\/wp\/v2\/pages\/413\/revisions\/17997"}],"wp:attachment":[{"href":"https:\/\/aci-laser.com\/fr\/wp-json\/wp\/v2\/media?parent=413"}],"curies":[{"name":"wp","href":"https:\/\/api.w.org\/{rel}","templated":true}]}}