{"id":479,"date":"2023-10-05T10:05:08","date_gmt":"2023-10-05T08:05:08","guid":{"rendered":"https:\/\/test.aci-laser.com\/?page_id=479"},"modified":"2025-09-26T08:32:50","modified_gmt":"2025-09-26T06:32:50","slug":"service-client","status":"publish","type":"page","link":"https:\/\/aci-laser.com\/fr\/contact\/service-client\/","title":{"rendered":"Kundendienst FR"},"content":{"rendered":"<section id=\"\" class=\"titelbild-section titelbild-block-id-69def614d6cd2 \">\r\n                <div class=\"col-12 col-lg-12\">\r\n                    <div class=\"full-bild\"><img loading=\"lazy\" decoding=\"async\" width=\"1917\" height=\"780\" src=\"\/wp-content\/uploads\/2025\/08\/Titelslider_ACI_Kundendienst.webp\" class=\"img-fluid\" alt=\"L&#039;\u00e9quipe du service client\u00e8le d&#039;ACI Laser assiste les clients par t\u00e9l\u00e9phone et en ligne\" srcset=\"\/wp-content\/uploads\/2025\/08\/Titelslider_ACI_Kundendienst.webp 1917w, \/wp-content\/uploads\/2025\/08\/Titelslider_ACI_Kundendienst-300x122.webp 300w, \/wp-content\/uploads\/2025\/08\/Titelslider_ACI_Kundendienst-1024x417.webp 1024w, \/wp-content\/uploads\/2025\/08\/Titelslider_ACI_Kundendienst-768x312.webp 768w, \/wp-content\/uploads\/2025\/08\/Titelslider_ACI_Kundendienst-1536x625.webp 1536w\" sizes=\"auto, (max-width: 1917px) 100vw, 1917px\" \/><\/div>\r\n                    <div class=\"bild-title container\">\r\n                        <p class=\"sub-headline mb-0\">Service client\u00e8le de l&rsquo;ACI<\/p>\r\n                        <h1 class=\"headline m-0\">Support technique<\/h1>\r\n                    <\/div>\r\n                <\/div>\r\n            <\/section>\n\n\n<div style=\"height:50px\" aria-hidden=\"true\" class=\"wp-block-spacer\"><\/div>\n\n\n\n<div class=\"wp-block-group container\"><div class=\"wp-block-group__inner-container is-layout-constrained wp-block-group-is-layout-constrained\">\n<div class=\"wp-block-columns is-layout-flex wp-container-core-columns-is-layout-9d6595d7 wp-block-columns-is-layout-flex\">\n<div class=\"wp-block-column is-layout-flow wp-block-column-is-layout-flow\" style=\"flex-basis:66.66%\"><section id=\"default-aci\" class=\"text-bild-block default-aci\">                \r\n                    <div class=\"container\">                        \r\n                        <div class=\"row\">                                        \r\n                            <div class=\"col\">\r\n                                <p class=\"wt-subheadline   default-aci\">Nous sommes l\u00e0 pour vous<\/p>\r\n                            <\/div>                                        \r\n                        <\/div>                        \r\n                        <div class=\"row\">                                        \r\n                        <div class=\"col\">\r\n                                <h2 class=\"textBlock-headline  default-aci\">Soutien \u00e0 vos syst\u00e8mes ACI<\/h2>\r\n                        <\/div>                                        \r\n                    <\/div>                        \r\n                        <div class=\"row text\">\r\n                        <div class=\"col\">\r\n                            <div class=\"textBlock-text\">\r\n                                \n<p class=\"wp-block-wt-text-bild-block\">Vous avez besoin d&rsquo;aide pour votre syst\u00e8me laser ou votre logiciel de marquage Magic Mark ? Nous sommes l\u00e0 pour vous. Veuillez remplir le formulaire de contact ci-dessous afin que nous puissions vous aider rapidement et efficacement. Vous pouvez \u00e9galement nous contacter par t\u00e9l\u00e9phone du lundi au jeudi de 8h \u00e0 17h et le vendredi de 8h \u00e0 14h ou par e-mail.<br><br>Dans tous les cas, veuillez indiquer le num\u00e9ro de s\u00e9rie de votre laser ou de votre bo\u00eetier de protection et le num\u00e9ro de la version du logiciel Magic Mark que vous avez install\u00e9. Le num\u00e9ro de s\u00e9rie se trouve sur la plaque signal\u00e9tique fix\u00e9e \u00e0 l&rsquo;arri\u00e8re de l&rsquo;appareil. Vous trouverez le num\u00e9ro de version de votre logiciel dans le logiciel d&rsquo;\u00e9tiquetage Magic Mark. Cliquez sur \u00ab\u00a0A propos\u00a0\u00bb dans la cat\u00e9gorie \u00ab\u00a0Aide\u00a0\u00bb et lisez le num\u00e9ro de version.<br><br><strong>Nous traiterons votre demande le plus rapidement possible et vous contacterons.<\/strong><\/p>\n\r\n                            <\/div>\r\n                        <\/div>                                        \r\n                    <\/div>                        \r\n                    <\/div>                                \r\n            <\/section><\/div>\n\n\n\n<div class=\"wp-block-column is-layout-flow wp-block-column-is-layout-flow\" style=\"flex-basis:33.33%\"><section id=\"default-aci\" class=\"text-bild-block default-aci\">                \r\n                    <div class=\"container\">                        \r\n                        <div class=\"row\">                                        \r\n                            <div class=\"col\">\r\n                                <h2 class=\"wt-subheadline   default-aci\">Contact<\/h2>\r\n                            <\/div>                                        \r\n                        <\/div>                        \r\n                        <div class=\"row\">                                        \r\n                        <div class=\"col\">\r\n                                <p class=\"textBlock-headline  default-aci\">Soutien et service<\/p>\r\n                        <\/div>                                        \r\n                    <\/div>                        \r\n                        <div class=\"row text\">\r\n                        <div class=\"col\">\r\n                            <div class=\"textBlock-text\">\r\n                                T +49 (0) 3643 4152-0<br\/>\n<a class=\"wt-k-click-mail\" href=\"mailto:%73%65%72%76%69%63%65@%61%63%69-%6c%61%73%65%72.%64%65\">&#x73;&#x65;&#x72;&#x76;&#x69;&#x63;&#x65;&#x40;&#x61;&#x63;&#x69;&#x2d;&#x6c;&#x61;&#x73;&#x65;&#x72;&#x2e;&#x64;&#x65;<\/a>\n<br\/>\n<br\/>\n<b>Hotline<\/b><br\/>\nLun &#8211; Jeu:  8 h &#8211; 17 h<br\/>\nVendredi:  8 h &#8211; 14 h\r\n                            <\/div>\r\n                        <\/div>                                        \r\n                    <\/div>                        \r\n                    <\/div>                                \r\n            <\/section><\/div>\n<\/div>\n<\/div><\/div>\n\n\n\n<div class=\"wp-block-group container\"><div class=\"wp-block-group__inner-container is-layout-constrained wp-block-group-is-layout-constrained\"><section id=\"default-aci\" class=\"text-bild-block default-aci\">                \r\n                    <div class=\"container\">                        \r\n                        <div class=\"row\">                                        \r\n                            <div class=\"col\">\r\n                                <h2 class=\"wt-subheadline   default-aci\">Magic Mark<\/h2>\r\n                            <\/div>                                        \r\n                        <\/div>                        \r\n                        <div class=\"row\">                                        \r\n                        <div class=\"col\">\r\n                                <p class=\"textBlock-headline  default-aci\">Vous avez besoin de t\u00e9l\u00e9charger un logiciel ?<\/p>\r\n                        <\/div>                                        \r\n                    <\/div>                        \r\n                        <div class=\"row text\">\r\n                        <div class=\"col\">\r\n                            <div class=\"textBlock-text\">\r\n                                \n<p class=\"wp-block-wt-text-bild-block\">Vous pouvez \u00e9galement utiliser le formulaire de contact ci-dessous.<\/p>\n\r\n                            <\/div>\r\n                        <\/div>                                        \r\n                    <\/div>                        \r\n                    <\/div>                                \r\n            <\/section><\/div><\/div>\n\n\n\n<div style=\"height:40px\" aria-hidden=\"true\" class=\"wp-block-spacer\"><\/div>\n\n\n\n<div class=\"wp-block-group has-background\" style=\"background-color:#f7f6f6\"><div class=\"wp-block-group__inner-container is-layout-constrained wp-block-group-is-layout-constrained\">\n<div style=\"height:40px\" aria-hidden=\"true\" class=\"wp-block-spacer\"><\/div>\n\n\n\n<div class=\"wp-block-contact-form-7-contact-form-selector\">\n<div class=\"wpcf7 no-js\" id=\"wpcf7-f5605-o1\" lang=\"de-DE\" dir=\"ltr\" data-wpcf7-id=\"5605\">\n<div class=\"screen-reader-response\"><p role=\"status\" aria-live=\"polite\" aria-atomic=\"true\"><\/p> <ul><\/ul><\/div>\n<form action=\"\/fr\/wp-json\/wp\/v2\/pages\/479#wpcf7-f5605-o1\" method=\"post\" class=\"wpcf7-form init\" aria-label=\"Kontaktformular\" novalidate=\"novalidate\" data-status=\"init\">\n<fieldset class=\"hidden-fields-container\"><input type=\"hidden\" name=\"_wpcf7\" value=\"5605\" \/><input type=\"hidden\" name=\"_wpcf7_version\" value=\"6.1.5\" \/><input type=\"hidden\" name=\"_wpcf7_locale\" value=\"de_DE\" \/><input type=\"hidden\" name=\"_wpcf7_unit_tag\" value=\"wpcf7-f5605-o1\" \/><input type=\"hidden\" name=\"_wpcf7_container_post\" value=\"0\" \/><input type=\"hidden\" name=\"_wpcf7_posted_data_hash\" value=\"\" \/><input type=\"hidden\" name=\"_wpcf7_recaptcha_response\" value=\"\" \/>\n<\/fieldset>\n<div class=\"container section-form\">\n\t<div class=\"row\">\n\t\t<div class=\"col-12 col-lg-6\">\n\t\t\t<p><label> Votre objet<br \/>\n<span class=\"wpcf7-form-control-wrap\" data-name=\"request\"><select class=\"wpcf7-form-control wpcf7-select\" aria-invalid=\"false\" name=\"request\"><option value=\"- Veuillez s\u00e9lectionner -\">- Veuillez s\u00e9lectionner -<\/option><option value=\"Formation\">Formation<\/option><option value=\"Maintenance\">Maintenance<\/option><option value=\"R\u00e9parations\">R\u00e9parations<\/option><option value=\"Assistance\">Assistance<\/option><\/select><\/span> <\/label>\n\t\t\t<\/p>\n\t\t\t<p><label> Titre<br \/>\n<span class=\"wpcf7-form-control-wrap\" data-name=\"salutation\"><select class=\"wpcf7-form-control wpcf7-select\" aria-invalid=\"false\" name=\"salutation\"><option value=\"- Veuillez s\u00e9lectionner -\">- Veuillez s\u00e9lectionner -<\/option><option value=\"Madame\">Madame<\/option><option value=\"Monsieur\">Monsieur<\/option><option value=\"-\">-<\/option><\/select><\/span> <\/label>\n\t\t\t<\/p>\n\t\t\t<p><label> Pr\u00e9nom*<br \/>\n<span class=\"wpcf7-form-control-wrap\" data-name=\"field-firstname\"><input size=\"40\" maxlength=\"400\" class=\"wpcf7-form-control wpcf7-text wpcf7-validates-as-required\" aria-required=\"true\" aria-invalid=\"false\" value=\"\" type=\"text\" name=\"field-firstname\" \/><\/span> <\/label>\n\t\t\t<\/p>\n\t\t\t<p><label> Nom*<br \/>\n<span class=\"wpcf7-form-control-wrap\" data-name=\"field-lastname\"><input size=\"40\" maxlength=\"400\" class=\"wpcf7-form-control wpcf7-text wpcf7-validates-as-required\" aria-required=\"true\" aria-invalid=\"false\" value=\"\" type=\"text\" name=\"field-lastname\" \/><\/span> <\/label>\n\t\t\t<\/p>\n\t\t\t<p><label> Entreprise*<br \/>\n<span class=\"wpcf7-form-control-wrap\" data-name=\"field-company\"><input size=\"40\" maxlength=\"400\" class=\"wpcf7-form-control wpcf7-text wpcf7-validates-as-required\" aria-required=\"true\" aria-invalid=\"false\" value=\"\" type=\"text\" name=\"field-company\" \/><\/span> <\/label>\n\t\t\t<\/p>\n\t\t\t<p><label> T\u00e9l\u00e9phone (y compris indicatif r\u00e9gional)*<br \/>\n<span class=\"wpcf7-form-control-wrap\" data-name=\"field-phone\"><input size=\"40\" maxlength=\"400\" class=\"wpcf7-form-control wpcf7-text wpcf7-validates-as-required\" aria-required=\"true\" aria-invalid=\"false\" value=\"\" type=\"text\" name=\"field-phone\" \/><\/span> <\/label>\n\t\t\t<\/p>\n\t\t\t<p><label> Adresse e-mail*<br \/>\n<span class=\"wpcf7-form-control-wrap\" data-name=\"field-email\"><input size=\"40\" maxlength=\"400\" class=\"wpcf7-form-control wpcf7-email wpcf7-validates-as-required wpcf7-text wpcf7-validates-as-email\" aria-required=\"true\" aria-invalid=\"false\" value=\"\" type=\"email\" name=\"field-email\" \/><\/span> <\/label>\n\t\t\t<\/p>\n\t\t<\/div>\n\t\t<div class=\"col-12 col-lg-6\">\n\t\t\t<p><label> Num\u00e9ro de s\u00e9rie laser* <span class=\"info-icon\"><img alt=\"Info\" loading=\"lazy\" decoding=\"async\" width=\"15px\" height=\"15px\" src=\"\/wp-content\/uploads\/2024\/05\/info-1.svg\" \/><\/span><span class=\"info-img\"><img alt=\"Screenshot\" loading=\"lazy\" decoding=\"async\" src=\"\/wp-content\/uploads\/2024\/05\/Screenshot-2024-05-02-142520.png\" \/><\/span><br \/>\n<span class=\"wpcf7-form-control-wrap\" data-name=\"field-nrlaiser\"><input size=\"40\" maxlength=\"400\" class=\"wpcf7-form-control wpcf7-text wpcf7-validates-as-required\" aria-required=\"true\" aria-invalid=\"false\" value=\"\" type=\"text\" name=\"field-nrlaiser\" \/><\/span> <\/label>\n\t\t\t<\/p>\n\t\t\t<p><label> Num\u00e9ro de s\u00e9rie enceinte de protection<br \/>\n<span class=\"wpcf7-form-control-wrap\" data-name=\"field-nrprotective\"><input size=\"40\" maxlength=\"400\" class=\"wpcf7-form-control wpcf7-text\" aria-invalid=\"false\" value=\"\" type=\"text\" name=\"field-nrprotective\" \/><\/span> <\/label>\n\t\t\t<\/p>\n\t\t\t<p><label> N\u00b0 de version du logiciel*<br \/>\n<span class=\"wpcf7-form-control-wrap\" data-name=\"field-nrbuild\"><input size=\"40\" maxlength=\"400\" class=\"wpcf7-form-control wpcf7-text wpcf7-validates-as-required\" aria-required=\"true\" aria-invalid=\"false\" value=\"\" type=\"text\" name=\"field-nrbuild\" \/><\/span> <\/label>\n\t\t\t<\/p>\n\t\t\t<p><label> Votre message \/ Qu'avez-vous fait pour corriger l'erreur ?*<br \/>\n<span class=\"wpcf7-form-control-wrap\" data-name=\"field-message\"><textarea cols=\"40\" rows=\"8\" maxlength=\"2000\" class=\"wpcf7-form-control wpcf7-textarea wpcf7-validates-as-required\" aria-required=\"true\" aria-invalid=\"false\" name=\"field-message\"><\/textarea><\/span> <\/label>\n\t\t\t<\/p>\n\t\t<\/div>\n\t\t<div class=\"col-12 mt-4\">\n\t\t\t<p><span class=\"wpcf7-form-control-wrap\" data-name=\"dsgvo\"><span class=\"wpcf7-form-control wpcf7-checkbox wpcf7-validates-as-required\"><span class=\"wpcf7-list-item first last\"><label><input type=\"checkbox\" name=\"dsgvo[]\" value=\"J&#039;accepte la transmission \/ le traitement de mes donn\u00e9es selon d\u00e9claration de confidentialit\u00e9.*\" \/><span class=\"wpcf7-list-item-label\">J&#039;accepte la transmission \/ le traitement de mes donn\u00e9es selon d\u00e9claration de confidentialit\u00e9.*<\/span><\/label><\/span><\/span><\/span> Veuillez lire notre <a href=\"https:\/\/www.aci-laser.com\/fr\/declaration-de-confidentialite\/\" target=\"_blank\">d\u00e9claration de confidentialit\u00e9<\/a>.\n\t\t\t<\/p>\n\t\t\t<p>* = champ obligatoire\n\t\t\t<\/p>\n\t\t<div class=\"wpcf7-response-output\" aria-hidden=\"true\"><\/div>\n\t\t\t<div style=\"margin-bottom: 1rem\">\n\t\t\t<span class=\"wpcf7-form-control-wrap recaptcha\" data-name=\"recaptcha\"><span data-sitekey=\"6LchRHsqAAAAAMwH10ot0qoLut1f_AYOknfq4FQf\" class=\"wpcf7-form-control wpcf7-recaptcha g-recaptcha\"><\/span>\r\n<noscript>\r\n\t<div class=\"grecaptcha-noscript\">\r\n\t\t<iframe loading=\"lazy\" src=\"https:\/\/www.google.com\/recaptcha\/api\/fallback?k=6LchRHsqAAAAAMwH10ot0qoLut1f_AYOknfq4FQf\" frameborder=\"0\" scrolling=\"no\" width=\"310\" height=\"430\">\r\n\t\t<\/iframe>\r\n\t\t<textarea name=\"g-recaptcha-response\" rows=\"3\" cols=\"40\" placeholder=\"reCaptcha Response Here\">\r\n\t\t<\/textarea>\r\n\t<\/div>\r\n<\/noscript>\r\n<\/span>\n\t\t\t<\/div>\n\t\t\t<p><input class=\"wpcf7-form-control wpcf7-submit has-spinner wt-btn-petrol\" type=\"submit\" value=\"Envoyer\" \/>\n\t\t\t<\/p>\n\t\t<\/div>\n\t<\/div>\n<\/div>\n<\/form>\n<\/div>\n<\/div>\n\n\n\n<div style=\"height:40px\" aria-hidden=\"true\" class=\"wp-block-spacer\"><\/div>\n<\/div><\/div>\n\n\n\n<div style=\"height:80px\" aria-hidden=\"true\" class=\"wp-block-spacer\"><\/div>\n","protected":false},"excerpt":{"rendered":"","protected":false},"author":2,"featured_media":0,"parent":333,"menu_order":3,"comment_status":"closed","ping_status":"closed","template":"","meta":{"footnotes":""},"class_list":["post-479","page","type-page","status-publish","hentry"],"yoast_head":"<!-- This site is optimized with the Yoast SEO plugin v27.1.1 - https:\/\/yoast.com\/product\/yoast-seo-wordpress\/ -->\n<title>Service \u00e0 la client\u00e8le ACI - support technique<\/title>\n<meta name=\"description\" content=\"Vous avez une question concernant notre service ou vous cherchez un interlocuteur? Contactez-nous maintenant!\" \/>\n<meta name=\"robots\" content=\"index, follow, max-snippet:-1, max-image-preview:large, max-video-preview:-1\" \/>\n<link rel=\"canonical\" href=\"https:\/\/aci-laser.com\/fr\/contact\/service-client\/\" \/>\n<meta property=\"og:locale\" content=\"fr_FR\" \/>\n<meta property=\"og:type\" content=\"article\" \/>\n<meta property=\"og:title\" content=\"Service \u00e0 la client\u00e8le ACI - support technique\" \/>\n<meta property=\"og:description\" content=\"Vous avez une question concernant notre service ou vous cherchez un interlocuteur? Contactez-nous maintenant!\" \/>\n<meta property=\"og:url\" content=\"https:\/\/aci-laser.com\/fr\/contact\/service-client\/\" \/>\n<meta property=\"og:site_name\" content=\"ACI Laser GmbH\" \/>\n<meta property=\"article:modified_time\" content=\"2025-09-26T06:32:50+00:00\" \/>\n<meta name=\"twitter:card\" content=\"summary_large_image\" \/>\n<meta name=\"twitter:label1\" content=\"Dur\u00e9e de lecture estim\u00e9e\" \/>\n\t<meta name=\"twitter:data1\" content=\"1 minute\" \/>\n<script type=\"application\/ld+json\" class=\"yoast-schema-graph\">{\"@context\":\"https:\/\/schema.org\",\"@graph\":[{\"@type\":\"WebPage\",\"@id\":\"https:\/\/aci-laser.com\/fr\/contact\/service-client\/\",\"url\":\"https:\/\/aci-laser.com\/fr\/contact\/service-client\/\",\"name\":\"Service \u00e0 la client\u00e8le ACI - support technique\",\"isPartOf\":{\"@id\":\"https:\/\/aci-laser.com\/fr\/#website\"},\"datePublished\":\"2023-10-05T08:05:08+00:00\",\"dateModified\":\"2025-09-26T06:32:50+00:00\",\"description\":\"Vous avez une question concernant notre service ou vous cherchez un interlocuteur? Contactez-nous maintenant!\",\"breadcrumb\":{\"@id\":\"https:\/\/aci-laser.com\/fr\/contact\/service-client\/#breadcrumb\"},\"inLanguage\":\"fr-FR\",\"potentialAction\":[{\"@type\":\"ReadAction\",\"target\":[\"https:\/\/aci-laser.com\/fr\/contact\/service-client\/\"]}]},{\"@type\":\"BreadcrumbList\",\"@id\":\"https:\/\/aci-laser.com\/fr\/contact\/service-client\/#breadcrumb\",\"itemListElement\":[{\"@type\":\"ListItem\",\"position\":1,\"name\":\"Startseite\",\"item\":\"https:\/\/aci-laser.com\/fr\/\"},{\"@type\":\"ListItem\",\"position\":2,\"name\":\"06_Kontakt FR\",\"item\":\"https:\/\/aci-laser.com\/fr\/contact\/\"},{\"@type\":\"ListItem\",\"position\":3,\"name\":\"Kundendienst FR\"}]},{\"@type\":\"WebSite\",\"@id\":\"https:\/\/aci-laser.com\/fr\/#website\",\"url\":\"https:\/\/aci-laser.com\/fr\/\",\"name\":\"ACI Laser GmbH\",\"description\":\"\",\"potentialAction\":[{\"@type\":\"SearchAction\",\"target\":{\"@type\":\"EntryPoint\",\"urlTemplate\":\"https:\/\/aci-laser.com\/fr\/?s={search_term_string}\"},\"query-input\":{\"@type\":\"PropertyValueSpecification\",\"valueRequired\":true,\"valueName\":\"search_term_string\"}}],\"inLanguage\":\"fr-FR\"}]}<\/script>\n<!-- \/ Yoast SEO plugin. -->","yoast_head_json":{"title":"Service \u00e0 la client\u00e8le ACI - support technique","description":"Vous avez une question concernant notre service ou vous cherchez un interlocuteur? Contactez-nous maintenant!","robots":{"index":"index","follow":"follow","max-snippet":"max-snippet:-1","max-image-preview":"max-image-preview:large","max-video-preview":"max-video-preview:-1"},"canonical":"https:\/\/aci-laser.com\/fr\/contact\/service-client\/","og_locale":"fr_FR","og_type":"article","og_title":"Service \u00e0 la client\u00e8le ACI - support technique","og_description":"Vous avez une question concernant notre service ou vous cherchez un interlocuteur? Contactez-nous maintenant!","og_url":"https:\/\/aci-laser.com\/fr\/contact\/service-client\/","og_site_name":"ACI Laser GmbH","article_modified_time":"2025-09-26T06:32:50+00:00","twitter_card":"summary_large_image","twitter_misc":{"Dur\u00e9e de lecture estim\u00e9e":"1 minute"},"schema":{"@context":"https:\/\/schema.org","@graph":[{"@type":"WebPage","@id":"https:\/\/aci-laser.com\/fr\/contact\/service-client\/","url":"https:\/\/aci-laser.com\/fr\/contact\/service-client\/","name":"Service \u00e0 la client\u00e8le ACI - support technique","isPartOf":{"@id":"https:\/\/aci-laser.com\/fr\/#website"},"datePublished":"2023-10-05T08:05:08+00:00","dateModified":"2025-09-26T06:32:50+00:00","description":"Vous avez une question concernant notre service ou vous cherchez un interlocuteur? Contactez-nous maintenant!","breadcrumb":{"@id":"https:\/\/aci-laser.com\/fr\/contact\/service-client\/#breadcrumb"},"inLanguage":"fr-FR","potentialAction":[{"@type":"ReadAction","target":["https:\/\/aci-laser.com\/fr\/contact\/service-client\/"]}]},{"@type":"BreadcrumbList","@id":"https:\/\/aci-laser.com\/fr\/contact\/service-client\/#breadcrumb","itemListElement":[{"@type":"ListItem","position":1,"name":"Startseite","item":"https:\/\/aci-laser.com\/fr\/"},{"@type":"ListItem","position":2,"name":"06_Kontakt FR","item":"https:\/\/aci-laser.com\/fr\/contact\/"},{"@type":"ListItem","position":3,"name":"Kundendienst FR"}]},{"@type":"WebSite","@id":"https:\/\/aci-laser.com\/fr\/#website","url":"https:\/\/aci-laser.com\/fr\/","name":"ACI Laser GmbH","description":"","potentialAction":[{"@type":"SearchAction","target":{"@type":"EntryPoint","urlTemplate":"https:\/\/aci-laser.com\/fr\/?s={search_term_string}"},"query-input":{"@type":"PropertyValueSpecification","valueRequired":true,"valueName":"search_term_string"}}],"inLanguage":"fr-FR"}]}},"_links":{"self":[{"href":"https:\/\/aci-laser.com\/fr\/wp-json\/wp\/v2\/pages\/479","targetHints":{"allow":["GET"]}}],"collection":[{"href":"https:\/\/aci-laser.com\/fr\/wp-json\/wp\/v2\/pages"}],"about":[{"href":"https:\/\/aci-laser.com\/fr\/wp-json\/wp\/v2\/types\/page"}],"author":[{"embeddable":true,"href":"https:\/\/aci-laser.com\/fr\/wp-json\/wp\/v2\/users\/2"}],"replies":[{"embeddable":true,"href":"https:\/\/aci-laser.com\/fr\/wp-json\/wp\/v2\/comments?post=479"}],"version-history":[{"count":12,"href":"https:\/\/aci-laser.com\/fr\/wp-json\/wp\/v2\/pages\/479\/revisions"}],"predecessor-version":[{"id":18430,"href":"https:\/\/aci-laser.com\/fr\/wp-json\/wp\/v2\/pages\/479\/revisions\/18430"}],"up":[{"embeddable":true,"href":"https:\/\/aci-laser.com\/fr\/wp-json\/wp\/v2\/pages\/333"}],"wp:attachment":[{"href":"https:\/\/aci-laser.com\/fr\/wp-json\/wp\/v2\/media?parent=479"}],"curies":[{"name":"wp","href":"https:\/\/api.w.org\/{rel}","templated":true}]}}